{"id":7604,"date":"2024-10-01T17:59:04","date_gmt":"2024-10-01T14:59:04","guid":{"rendered":"https:\/\/trtr.ee\/?page_id=7604"},"modified":"2024-10-01T18:02:12","modified_gmt":"2024-10-01T15:02:12","slug":"digi-ann","status":"publish","type":"page","link":"https:\/\/trtr.ee\/en\/satellite-programme\/digi-ann\/","title":{"rendered":"DIGI ANN"},"content":{"rendered":"<div class=\"bt_rc_container\"><section id=\"bt_section69de21956643f\" data-parallax=\"0.1\" data-parallax-offset=\"0\" class=\"boldSection topLargeSpaced btLightSkin btBottomVertical btParallax\" ><div class=\"port\"><div class=\"boldCell\"><div class=\"boldCellInner\"><div class=\"boldRow \" ><div class=\"boldRowInner\"><div class=\"rowItem col-md-12 col-ms-12  btTextLeft inherit\"  data-width=\"12\"><div class=\"rowItemContent\" ><header class=\"header btClear small btDash bottomDash\" ><\/header><div class=\"bpgPhoto \" ><div class=\"btImage\"><img src=\"https:\/\/trtr.ee\/wp-content\/uploads\/2024\/09\/TRTR_webbg_1920x400px_1.png\" alt=\"https:\/\/trtr.ee\/wp-content\/uploads\/2024\/09\/TRTR_webbg_1920x400px_1.png\"><\/div><\/div><\/div><\/div><\/div><\/div><\/div><\/div><\/div><\/section><section id=\"bt_section69de21957b230\"  class=\"boldSection topSpaced bottomSpaced gutter inherit\" ><div class=\"port\"><div class=\"boldCell\"><div class=\"boldCellInner\"><div class=\"boldRow \" ><div class=\"boldRowInner\"><div class=\"rowItem col-md-3 col-sm-6 col-ms-12 btTextLeft animate animate-fadein inherit\"  data-width=\"3\"><div class=\"rowItemContent\" ><header class=\"header btClear medium btDash bottomDash\" ><div class=\"dash\"><h3><span class=\"headline\">30.09-8.10.2024<\/span><\/h3><\/div><\/header><div class=\"btClear btSeparator topSmallSpaced noBorder\" ><hr><\/div><\/div><\/div><div class=\"rowItem col-md-6 col-sm-12 btTextLeft inherit\"  data-width=\"6\"><div class=\"rowItemContent\" ><header class=\"header btClear large btDash bottomDash\" ><div class=\"btSuperTitle\">EXHIBITION OF THE TEXTILE STUDENTS OF PALLAS UNIVERSITY OF APPLIED SCIENCES<\/div><div class=\"dash\"><h2><span class=\"headline\">DIGI ANN<\/span><\/h2><\/div><\/header><div class=\"btClear btSeparator topSmallSpaced noBorder\" ><hr><\/div><div class=\"btText\" ><p>The exhibition showcases digitally printed textiles for interiors by the textile students of Pallas University of Applied Sciences, created during a textile printing course. Students: Christina Kasesalu, K\u00e4tlin Kalmus, Sigre Kodasma, Miina Aleksandra Piho, Marite Rikkas, Sofia Lanman, India Maria Emilia Kiisler, Brigitte Mihkelson. The printing course was supervised by Petri Juslin, Marju Roos and Kadi Pajupuu. The textiles are made in Muze, Riga. The group would like to thanks Margis J\u00f5e\u00e4\u00e4r for the opportunity to showcase student works next to reknowned textile brands.<\/p>\n<\/div><\/div><\/div><div class=\"rowItem col-md-3 col-sm-6 col-ms-12 btTextLeft animate animate-fadein animate-moveup inherit\"  data-width=\"3\"><div class=\"rowItemContent\" ><div class=\"btClear btSeparator topSpaced noBorder\" ><hr><\/div><header class=\"header btClear small btDash bottomDash\" ><div class=\"btSuperTitle\"> LOCATION, OPENING HOURS<\/div><div class=\"dash\"><h4><span class=\"headline\">Texstudio samples hall, Baltika Kvartal, section E<\/span><\/h4><\/div><\/header><div class=\"btText\" ><p>Veerenni 24\/1, Tallinn<br \/>\nMon\u2013Fri 9\u201317<\/p>\n<\/div><div class=\"btClear btSeparator topSmallSpaced noBorder\" ><hr><\/div><\/div><\/div><\/div><\/div><div class=\"boldRow \" ><div class=\"boldRowInner\"><\/div><\/div><div class=\"boldRow \" ><div class=\"boldRowInner\"><\/div><\/div><\/div><\/div><\/div><\/section><\/div>","protected":false},"excerpt":{"rendered":"","protected":false},"author":3,"featured_media":0,"parent":3671,"menu_order":0,"comment_status":"closed","ping_status":"closed","template":"","meta":{"inline_featured_image":false,"_exactmetrics_skip_tracking":false,"_exactmetrics_sitenote_active":false,"_exactmetrics_sitenote_note":"","_exactmetrics_sitenote_category":0,"footnotes":""},"yoast_head":"<!-- This site is optimized with the Yoast SEO plugin v21.2 - https:\/\/yoast.com\/wordpress\/plugins\/seo\/ -->\n<title>DIGI ANN &#8211; Tallinna rakenduskunsti triennaal<\/title>\n<meta name=\"robots\" content=\"index, follow, max-snippet:-1, max-image-preview:large, max-video-preview:-1\" \/>\n<link rel=\"canonical\" href=\"https:\/\/trtr.ee\/en\/satellite-programme\/digi-ann\/\" \/>\n<meta property=\"og:locale\" content=\"en_US\" \/>\n<meta property=\"og:type\" content=\"article\" \/>\n<meta property=\"og:title\" content=\"DIGI ANN &#8211; Tallinna rakenduskunsti triennaal\" \/>\n<meta property=\"og:url\" content=\"https:\/\/trtr.ee\/en\/satellite-programme\/digi-ann\/\" \/>\n<meta property=\"og:site_name\" content=\"Tallinna rakenduskunsti triennaal\" \/>\n<meta property=\"article:publisher\" content=\"https:\/\/www.facebook.com\/TallinnAppliedArtTriennial\" \/>\n<meta property=\"article:modified_time\" content=\"2024-10-01T15:02:12+00:00\" \/>\n<meta property=\"og:image\" content=\"https:\/\/trtr.ee\/wp-content\/uploads\/2024\/10\/TRTR_webbg_1200-x-630px_5.png\" \/>\n\t<meta property=\"og:image:width\" content=\"1200\" \/>\n\t<meta property=\"og:image:height\" content=\"630\" \/>\n\t<meta property=\"og:image:type\" content=\"image\/png\" \/>\n<meta name=\"twitter:card\" content=\"summary_large_image\" \/>\n<meta name=\"twitter:label1\" content=\"Est. reading time\" \/>\n\t<meta name=\"twitter:data1\" content=\"2 minutes\" \/>\n<script type=\"application\/ld+json\" class=\"yoast-schema-graph\">{\"@context\":\"https:\/\/schema.org\",\"@graph\":[{\"@type\":\"WebPage\",\"@id\":\"https:\/\/trtr.ee\/en\/satellite-programme\/digi-ann\/\",\"url\":\"https:\/\/trtr.ee\/en\/satellite-programme\/digi-ann\/\",\"name\":\"DIGI ANN &#8211; Tallinna rakenduskunsti triennaal\",\"isPartOf\":{\"@id\":\"https:\/\/trtr.ee\/#website\"},\"datePublished\":\"2024-10-01T14:59:04+00:00\",\"dateModified\":\"2024-10-01T15:02:12+00:00\",\"breadcrumb\":{\"@id\":\"https:\/\/trtr.ee\/en\/satellite-programme\/digi-ann\/#breadcrumb\"},\"inLanguage\":\"en-US\",\"potentialAction\":[{\"@type\":\"ReadAction\",\"target\":[\"https:\/\/trtr.ee\/en\/satellite-programme\/digi-ann\/\"]}]},{\"@type\":\"BreadcrumbList\",\"@id\":\"https:\/\/trtr.ee\/en\/satellite-programme\/digi-ann\/#breadcrumb\",\"itemListElement\":[{\"@type\":\"ListItem\",\"position\":1,\"name\":\"Home\",\"item\":\"https:\/\/trtr.ee\/en\/\"},{\"@type\":\"ListItem\",\"position\":2,\"name\":\"Satellite programme\",\"item\":\"https:\/\/trtr.ee\/en\/satellite-programme\/\"},{\"@type\":\"ListItem\",\"position\":3,\"name\":\"DIGI ANN\"}]},{\"@type\":\"WebSite\",\"@id\":\"https:\/\/trtr.ee\/#website\",\"url\":\"https:\/\/trtr.ee\/\",\"name\":\"Tallinna rakenduskunsti triennaal\",\"description\":\"Tallinna rakenduskunsti triennaal\",\"potentialAction\":[{\"@type\":\"SearchAction\",\"target\":{\"@type\":\"EntryPoint\",\"urlTemplate\":\"https:\/\/trtr.ee\/?s={search_term_string}\"},\"query-input\":\"required name=search_term_string\"}],\"inLanguage\":\"en-US\"}]}<\/script>\n<!-- \/ Yoast SEO plugin. -->","yoast_head_json":{"title":"DIGI ANN &#8211; Tallinna rakenduskunsti triennaal","robots":{"index":"index","follow":"follow","max-snippet":"max-snippet:-1","max-image-preview":"max-image-preview:large","max-video-preview":"max-video-preview:-1"},"canonical":"https:\/\/trtr.ee\/en\/satellite-programme\/digi-ann\/","og_locale":"en_US","og_type":"article","og_title":"DIGI ANN &#8211; Tallinna rakenduskunsti triennaal","og_url":"https:\/\/trtr.ee\/en\/satellite-programme\/digi-ann\/","og_site_name":"Tallinna rakenduskunsti triennaal","article_publisher":"https:\/\/www.facebook.com\/TallinnAppliedArtTriennial","article_modified_time":"2024-10-01T15:02:12+00:00","og_image":[{"width":1200,"height":630,"url":"https:\/\/trtr.ee\/wp-content\/uploads\/2024\/10\/TRTR_webbg_1200-x-630px_5.png","type":"image\/png"}],"twitter_card":"summary_large_image","twitter_misc":{"Est. reading time":"2 minutes"},"schema":{"@context":"https:\/\/schema.org","@graph":[{"@type":"WebPage","@id":"https:\/\/trtr.ee\/en\/satellite-programme\/digi-ann\/","url":"https:\/\/trtr.ee\/en\/satellite-programme\/digi-ann\/","name":"DIGI ANN &#8211; Tallinna rakenduskunsti triennaal","isPartOf":{"@id":"https:\/\/trtr.ee\/#website"},"datePublished":"2024-10-01T14:59:04+00:00","dateModified":"2024-10-01T15:02:12+00:00","breadcrumb":{"@id":"https:\/\/trtr.ee\/en\/satellite-programme\/digi-ann\/#breadcrumb"},"inLanguage":"en-US","potentialAction":[{"@type":"ReadAction","target":["https:\/\/trtr.ee\/en\/satellite-programme\/digi-ann\/"]}]},{"@type":"BreadcrumbList","@id":"https:\/\/trtr.ee\/en\/satellite-programme\/digi-ann\/#breadcrumb","itemListElement":[{"@type":"ListItem","position":1,"name":"Home","item":"https:\/\/trtr.ee\/en\/"},{"@type":"ListItem","position":2,"name":"Satellite programme","item":"https:\/\/trtr.ee\/en\/satellite-programme\/"},{"@type":"ListItem","position":3,"name":"DIGI ANN"}]},{"@type":"WebSite","@id":"https:\/\/trtr.ee\/#website","url":"https:\/\/trtr.ee\/","name":"Tallinna rakenduskunsti triennaal","description":"Tallinna rakenduskunsti triennaal","potentialAction":[{"@type":"SearchAction","target":{"@type":"EntryPoint","urlTemplate":"https:\/\/trtr.ee\/?s={search_term_string}"},"query-input":"required name=search_term_string"}],"inLanguage":"en-US"}]}},"_links":{"self":[{"href":"https:\/\/trtr.ee\/en\/wp-json\/wp\/v2\/pages\/7604"}],"collection":[{"href":"https:\/\/trtr.ee\/en\/wp-json\/wp\/v2\/pages"}],"about":[{"href":"https:\/\/trtr.ee\/en\/wp-json\/wp\/v2\/types\/page"}],"author":[{"embeddable":true,"href":"https:\/\/trtr.ee\/en\/wp-json\/wp\/v2\/users\/3"}],"replies":[{"embeddable":true,"href":"https:\/\/trtr.ee\/en\/wp-json\/wp\/v2\/comments?post=7604"}],"version-history":[{"count":2,"href":"https:\/\/trtr.ee\/en\/wp-json\/wp\/v2\/pages\/7604\/revisions"}],"predecessor-version":[{"id":7606,"href":"https:\/\/trtr.ee\/en\/wp-json\/wp\/v2\/pages\/7604\/revisions\/7606"}],"up":[{"embeddable":true,"href":"https:\/\/trtr.ee\/en\/wp-json\/wp\/v2\/pages\/3671"}],"wp:attachment":[{"href":"https:\/\/trtr.ee\/en\/wp-json\/wp\/v2\/media?parent=7604"}],"curies":[{"name":"wp","href":"https:\/\/api.w.org\/{rel}","templated":true}]}}