{"id":3806,"date":"2017-03-09T16:22:10","date_gmt":"2017-03-09T14:22:10","guid":{"rendered":"https:\/\/trtr.ee\/?page_id=3806\/"},"modified":"2017-04-28T15:20:32","modified_gmt":"2017-04-28T12:20:32","slug":"everything-will-be-will-be-because-what-has-been","status":"publish","type":"page","link":"https:\/\/trtr.ee\/en\/satellite-programme\/everything-will-be-will-be-because-what-has-been\/","title":{"rendered":"Everything that will be, will be, because of what has been"},"content":{"rendered":"<div class=\"bt_rc_container\"><section id=\"bt_section69decc36cbdd1\" data-parallax=\"0.1\" data-parallax-offset=\"0\" class=\"boldSection topLargeSpaced bottomSpaced btDarkSkin gutter btBottomVertical btParallax wBackground cover\" style=\"background-image:url('https:\/\/trtr.ee\/wp-content\/uploads\/2016\/03\/2016-03-14-00.01.53.jpg');\"><div class=\"port\"><div class=\"boldCell\"><div class=\"boldCellInner\"><div class=\"boldRow \" ><div class=\"boldRowInner\"><div class=\"rowItem col-md-12 col-ms-12  btTextLeft inherit\"  data-width=\"12\"><div class=\"rowItemContent\" ><header class=\"header btClear large btDash bottomDash\" ><div class=\"btSuperTitle\">7TH TALLINN APPLIED ART TRIENNIAL<\/div><div class=\"dash\"><h2><span class=\"headline\">Satellite programme<\/span><\/h2><\/div><\/header><\/div><\/div><\/div><\/div><\/div><\/div><\/div><\/section><section id=\"bt_section69decc36cc326\"  class=\"boldSection topSpaced bottomSpaced gutter inherit\" ><div class=\"port\"><div class=\"boldCell\"><div class=\"boldCellInner\"><div class=\"boldRow \" ><div class=\"boldRowInner\"><div class=\"rowItem col-md-2  col-sm-4 col-ms-12 btTextLeft animate animate-fadein inherit\"  data-width=\"2\"><div class=\"rowItemContent\" ><header class=\"header btClear large btDash bottomDash\" ><div class=\"dash\"><h2><span class=\"headline\">21.04-31.05<\/span><\/h2><\/div><\/header><\/div><\/div><div class=\"rowItem col-md-8 col-ms-12 btTextLeft inherit\"  data-width=\"8\"><div class=\"rowItemContent\" ><header class=\"header btClear extralarge btDash bottomDash\" ><div class=\"dash\"><h1><span class=\"headline\">Everything that will be, will be, because of what has been \/ Hele-Riin Moon<\/span><\/h1><\/div><div class=\"btSubTitle\">Estonian Association of Fashion Designers\u2019 literature inspired fashion exhibition<\/div><\/header><div class=\"btClear btSeparator topSmallSpaced noBorder\" ><hr><\/div><div class=\"btText\" ><p><span style=\"font-weight: 400;\">The exhibition consists of works that have been inspired by their creators\u2019 literary admirations.\u00a0<\/span><span style=\"font-weight: 400;\">The artists were inspired by their literary idols, interpreting the authors\u2019 style in the language of temporary fashion design. The artworks are accompanied by fashion drawings and quotes from writers, to add to the pieces. The exhibition provides an educational journey through time, literature and fashion design.<\/span><\/p>\n<p>Participants:\u00a0Anne Metsis, Anu Hint, Juta Piirlaid, Katre Arula, K\u00e4rt Karjatse Lee Reinula, Liivika P\u00f5vat Straus, Maire Valdma, Mari Aakre, Merje R\u00e4\u00e4bis, Yumiko Okazaki\u00a0and Sirje Laansoo \/ <span style=\"font-weight: 400;\">Estonian Association of Fashion Designers<\/span>.<\/p>\n<\/div><div class=\"btClear btSeparator topSemiSpaced noBorder\" ><hr><\/div><header class=\"header btClear medium btDash bottomDash\" ><div class=\"dash\"><h3><span class=\"headline\">THINK and DRAW fashion drawing<\/span><\/h3><\/div><div class=\"btSubTitle\">23.04 at 14:00-17:00<\/div><\/header><div class=\"btClear btSeparator topSemiSpaced noBorder\" ><hr><\/div><header class=\"header btClear medium btDash bottomDash\" ><div class=\"dash\"><h3><span class=\"headline\">Lecture by curator Anu Hint (in Estonian)<\/span><\/h3><\/div><div class=\"btSubTitle\">03.05 at 18:00 <\/div><\/header><div class=\"btText\" ><p>Entrance with museum ticket 4\/2 \u20ac.<\/p>\n<\/div><div class=\"btClear btSeparator topSemiSpaced noBorder\" ><hr><\/div><header class=\"header btClear medium btDash bottomDash\" ><div class=\"dash\"><h3><span class=\"headline\">Fashion lecture by Kai Saar (in Estonian)<\/span><\/h3><\/div><div class=\"btSubTitle\">27.05 at 14:00<\/div><\/header><div class=\"btText\" ><p>Entrance with museum ticket 4\/2 \u20ac.<\/p>\n<\/div><\/div><\/div><div class=\"rowItem col-md-2  col-sm-4 col-ms-12 btTextLeft animate animate-fadein animate-moveup inherit\"  data-width=\"2\"><div class=\"rowItemContent\" ><div class=\"btClear btSeparator topSpaced noBorder\" ><hr><\/div><div class=\"btClear btSeparator topSmallSpaced noBorder\" ><hr><\/div><header class=\"header btClear small btDash bottomDash\" ><div class=\"btSuperTitle\">LOCATION, OPENING HOURS, TICKETS<\/div><div class=\"dash\"><h4><span class=\"headline\">Kastellaanimaja Gallery in the museum of Eduard Vilde<\/span><\/h4><\/div><div class=\"btSubTitle\">Roheline aas 3, Tallinn\r<br>Open Tue, Thu-Sat 11-17 and Wed 11-20\r<br>Ticket 4 \/ 2\u20ac<\/div><\/header><div class=\"btClear btSeparator topSmallSpaced noBorder\" ><hr><\/div><header class=\"header btClear small btDash bottomDash\" ><div class=\"dash\"><h4><span class=\"headline\">More information<\/span><\/h4><\/div><\/header><div class=\"btText\" ><p><a href=\"https:\/\/kirjanduskeskus.ee\/?lang=en\" target=\"_blank\" rel=\"noopener noreferrer\">www.kirjanduskeskus.ee<\/a><\/p>\n<\/div><div class=\"btClear btSeparator topExtraSmallSpaced noBorder\" ><hr><\/div><div class=\"btClear btSeparator topExtraSmallSpaced noBorder\" ><hr><\/div><\/div><\/div><\/div><\/div><\/div><\/div><\/div><\/section><\/div>","protected":false},"excerpt":{"rendered":"","protected":false},"author":3,"featured_media":0,"parent":3671,"menu_order":0,"comment_status":"closed","ping_status":"closed","template":"","meta":{"inline_featured_image":false,"_exactmetrics_skip_tracking":false,"_exactmetrics_sitenote_active":false,"_exactmetrics_sitenote_note":"","_exactmetrics_sitenote_category":0,"footnotes":""},"yoast_head":"<!-- This site is optimized with the Yoast SEO plugin v21.2 - https:\/\/yoast.com\/wordpress\/plugins\/seo\/ -->\n<title>Everything that will be, will be, because of what has been &#8211; Tallinna rakenduskunsti triennaal<\/title>\n<meta name=\"robots\" content=\"index, follow, max-snippet:-1, max-image-preview:large, max-video-preview:-1\" \/>\n<link rel=\"canonical\" href=\"https:\/\/trtr.ee\/en\/satellite-programme\/everything-will-be-will-be-because-what-has-been\/\" \/>\n<meta property=\"og:locale\" content=\"en_US\" \/>\n<meta property=\"og:type\" content=\"article\" \/>\n<meta property=\"og:title\" content=\"Everything that will be, will be, because of what has been &#8211; Tallinna rakenduskunsti triennaal\" \/>\n<meta property=\"og:url\" content=\"https:\/\/trtr.ee\/en\/satellite-programme\/everything-will-be-will-be-because-what-has-been\/\" \/>\n<meta property=\"og:site_name\" content=\"Tallinna rakenduskunsti triennaal\" \/>\n<meta property=\"article:publisher\" content=\"https:\/\/www.facebook.com\/TallinnAppliedArtTriennial\" \/>\n<meta property=\"article:modified_time\" content=\"2017-04-28T12:20:32+00:00\" \/>\n<meta property=\"og:image\" content=\"https:\/\/trtr.ee\/wp-content\/uploads\/2024\/10\/TRTR_webbg_1200-x-630px_5.png\" \/>\n\t<meta property=\"og:image:width\" content=\"1200\" \/>\n\t<meta property=\"og:image:height\" content=\"630\" \/>\n\t<meta property=\"og:image:type\" content=\"image\/png\" \/>\n<meta name=\"twitter:card\" content=\"summary_large_image\" \/>\n<meta name=\"twitter:label1\" content=\"Est. reading time\" \/>\n\t<meta name=\"twitter:data1\" content=\"4 minutes\" \/>\n<script type=\"application\/ld+json\" class=\"yoast-schema-graph\">{\"@context\":\"https:\/\/schema.org\",\"@graph\":[{\"@type\":\"WebPage\",\"@id\":\"https:\/\/trtr.ee\/en\/satellite-programme\/everything-will-be-will-be-because-what-has-been\/\",\"url\":\"https:\/\/trtr.ee\/en\/satellite-programme\/everything-will-be-will-be-because-what-has-been\/\",\"name\":\"Everything that will be, will be, because of what has been &#8211; Tallinna rakenduskunsti triennaal\",\"isPartOf\":{\"@id\":\"https:\/\/trtr.ee\/#website\"},\"datePublished\":\"2017-03-09T14:22:10+00:00\",\"dateModified\":\"2017-04-28T12:20:32+00:00\",\"breadcrumb\":{\"@id\":\"https:\/\/trtr.ee\/en\/satellite-programme\/everything-will-be-will-be-because-what-has-been\/#breadcrumb\"},\"inLanguage\":\"en-US\",\"potentialAction\":[{\"@type\":\"ReadAction\",\"target\":[\"https:\/\/trtr.ee\/en\/satellite-programme\/everything-will-be-will-be-because-what-has-been\/\"]}]},{\"@type\":\"BreadcrumbList\",\"@id\":\"https:\/\/trtr.ee\/en\/satellite-programme\/everything-will-be-will-be-because-what-has-been\/#breadcrumb\",\"itemListElement\":[{\"@type\":\"ListItem\",\"position\":1,\"name\":\"Home\",\"item\":\"https:\/\/trtr.ee\/en\/\"},{\"@type\":\"ListItem\",\"position\":2,\"name\":\"Satellite programme\",\"item\":\"https:\/\/trtr.ee\/en\/satellite-programme\/\"},{\"@type\":\"ListItem\",\"position\":3,\"name\":\"Everything that will be, will be, because of what has been\"}]},{\"@type\":\"WebSite\",\"@id\":\"https:\/\/trtr.ee\/#website\",\"url\":\"https:\/\/trtr.ee\/\",\"name\":\"Tallinna rakenduskunsti triennaal\",\"description\":\"Tallinna rakenduskunsti triennaal\",\"potentialAction\":[{\"@type\":\"SearchAction\",\"target\":{\"@type\":\"EntryPoint\",\"urlTemplate\":\"https:\/\/trtr.ee\/?s={search_term_string}\"},\"query-input\":\"required name=search_term_string\"}],\"inLanguage\":\"en-US\"}]}<\/script>\n<!-- \/ Yoast SEO plugin. -->","yoast_head_json":{"title":"Everything that will be, will be, because of what has been &#8211; Tallinna rakenduskunsti triennaal","robots":{"index":"index","follow":"follow","max-snippet":"max-snippet:-1","max-image-preview":"max-image-preview:large","max-video-preview":"max-video-preview:-1"},"canonical":"https:\/\/trtr.ee\/en\/satellite-programme\/everything-will-be-will-be-because-what-has-been\/","og_locale":"en_US","og_type":"article","og_title":"Everything that will be, will be, because of what has been &#8211; Tallinna rakenduskunsti triennaal","og_url":"https:\/\/trtr.ee\/en\/satellite-programme\/everything-will-be-will-be-because-what-has-been\/","og_site_name":"Tallinna rakenduskunsti triennaal","article_publisher":"https:\/\/www.facebook.com\/TallinnAppliedArtTriennial","article_modified_time":"2017-04-28T12:20:32+00:00","og_image":[{"width":1200,"height":630,"url":"https:\/\/trtr.ee\/wp-content\/uploads\/2024\/10\/TRTR_webbg_1200-x-630px_5.png","type":"image\/png"}],"twitter_card":"summary_large_image","twitter_misc":{"Est. reading time":"4 minutes"},"schema":{"@context":"https:\/\/schema.org","@graph":[{"@type":"WebPage","@id":"https:\/\/trtr.ee\/en\/satellite-programme\/everything-will-be-will-be-because-what-has-been\/","url":"https:\/\/trtr.ee\/en\/satellite-programme\/everything-will-be-will-be-because-what-has-been\/","name":"Everything that will be, will be, because of what has been &#8211; Tallinna rakenduskunsti triennaal","isPartOf":{"@id":"https:\/\/trtr.ee\/#website"},"datePublished":"2017-03-09T14:22:10+00:00","dateModified":"2017-04-28T12:20:32+00:00","breadcrumb":{"@id":"https:\/\/trtr.ee\/en\/satellite-programme\/everything-will-be-will-be-because-what-has-been\/#breadcrumb"},"inLanguage":"en-US","potentialAction":[{"@type":"ReadAction","target":["https:\/\/trtr.ee\/en\/satellite-programme\/everything-will-be-will-be-because-what-has-been\/"]}]},{"@type":"BreadcrumbList","@id":"https:\/\/trtr.ee\/en\/satellite-programme\/everything-will-be-will-be-because-what-has-been\/#breadcrumb","itemListElement":[{"@type":"ListItem","position":1,"name":"Home","item":"https:\/\/trtr.ee\/en\/"},{"@type":"ListItem","position":2,"name":"Satellite programme","item":"https:\/\/trtr.ee\/en\/satellite-programme\/"},{"@type":"ListItem","position":3,"name":"Everything that will be, will be, because of what has been"}]},{"@type":"WebSite","@id":"https:\/\/trtr.ee\/#website","url":"https:\/\/trtr.ee\/","name":"Tallinna rakenduskunsti triennaal","description":"Tallinna rakenduskunsti triennaal","potentialAction":[{"@type":"SearchAction","target":{"@type":"EntryPoint","urlTemplate":"https:\/\/trtr.ee\/?s={search_term_string}"},"query-input":"required name=search_term_string"}],"inLanguage":"en-US"}]}},"_links":{"self":[{"href":"https:\/\/trtr.ee\/en\/wp-json\/wp\/v2\/pages\/3806"}],"collection":[{"href":"https:\/\/trtr.ee\/en\/wp-json\/wp\/v2\/pages"}],"about":[{"href":"https:\/\/trtr.ee\/en\/wp-json\/wp\/v2\/types\/page"}],"author":[{"embeddable":true,"href":"https:\/\/trtr.ee\/en\/wp-json\/wp\/v2\/users\/3"}],"replies":[{"embeddable":true,"href":"https:\/\/trtr.ee\/en\/wp-json\/wp\/v2\/comments?post=3806"}],"version-history":[{"count":7,"href":"https:\/\/trtr.ee\/en\/wp-json\/wp\/v2\/pages\/3806\/revisions"}],"predecessor-version":[{"id":4897,"href":"https:\/\/trtr.ee\/en\/wp-json\/wp\/v2\/pages\/3806\/revisions\/4897"}],"up":[{"embeddable":true,"href":"https:\/\/trtr.ee\/en\/wp-json\/wp\/v2\/pages\/3671"}],"wp:attachment":[{"href":"https:\/\/trtr.ee\/en\/wp-json\/wp\/v2\/media?parent=3806"}],"curies":[{"name":"wp","href":"https:\/\/api.w.org\/{rel}","templated":true}]}}