{"id":3695,"date":"2017-03-09T13:18:45","date_gmt":"2017-03-09T11:18:45","guid":{"rendered":"https:\/\/trtr.ee\/?page_id=3695\/"},"modified":"2017-05-10T15:24:45","modified_gmt":"2017-05-10T12:24:45","slug":"armour","status":"publish","type":"page","link":"https:\/\/trtr.ee\/en\/satellite-programme\/armour\/","title":{"rendered":"Armour"},"content":{"rendered":"<div class=\"bt_rc_container\"><section id=\"bt_section69d339f05f518\" data-parallax=\"0.1\" data-parallax-offset=\"0\" class=\"boldSection topLargeSpaced bottomSpaced btDarkSkin gutter btBottomVertical btParallax wBackground cover\" style=\"background-image:url('https:\/\/trtr.ee\/wp-content\/uploads\/2016\/03\/2016-03-14-00.01.53.jpg');\"><div class=\"port\"><div class=\"boldCell\"><div class=\"boldCellInner\"><div class=\"boldRow \" ><div class=\"boldRowInner\"><div class=\"rowItem col-md-12 col-ms-12  btTextLeft inherit\"  data-width=\"12\"><div class=\"rowItemContent\" ><header class=\"header btClear large btDash bottomDash\" ><div class=\"btSuperTitle\">7TH TALLINN APPLIED ART TRIENNIAL<\/div><div class=\"dash\"><h2><span class=\"headline\">Satellite programme<\/span><\/h2><\/div><\/header><\/div><\/div><\/div><\/div><\/div><\/div><\/div><\/section><section id=\"bt_section69d339f05ff63\"  class=\"boldSection topSpaced bottomSpaced gutter inherit\" ><div class=\"port\"><div class=\"boldCell\"><div class=\"boldCellInner\"><div class=\"boldRow \" ><div class=\"boldRowInner\"><div class=\"rowItem col-md-2  col-sm-4 col-ms-12 btTextLeft animate animate-fadein inherit\"  data-width=\"2\"><div class=\"rowItemContent\" ><header class=\"header btClear large btDash bottomDash\" ><div class=\"dash\"><h2><span class=\"headline\">07.04-15.05<\/span><\/h2><\/div><\/header><\/div><\/div><div class=\"rowItem col-md-8 col-ms-12 btTextLeft inherit\"  data-width=\"8\"><div class=\"rowItemContent\" ><header class=\"header btClear extralarge btDash bottomDash\" ><div class=\"dash\"><h1><span class=\"headline\">Armour<\/span><\/h1><\/div><div class=\"btSubTitle\">Jewellery and blacksmithing exhibition<\/div><\/header><div class=\"btClear btSeparator topSmallSpaced noBorder\" ><hr><\/div><div class=\"btText\" ><p><span style=\"font-weight: 400;\">Armour is an exhibition of conceptual jewellery and blacksmithing that takes place in the round gallery of the cannon tower Kiek in de K\u00f6k. Modern interpretations of medieval armour are presented through body jewellery and objects specially created for this project. Artists are given the opportunity to contribute to the burning questions on everyone&#8217;s mind &#8211; can we achieve a sense of safety among individuals and in society? How to do that? Who or what do we really need protection from?<\/span><\/p>\n<p><span style=\"font-weight: 400;\">Participants: K\u00e4trin Beljaev, Rita-Livia Erikson, Nils Hint, Pilleriin J\u00fcrisoo, Annika Kedelauk, Mart Keki\u0161ev, Kairin Koovit, Keiu Koppel, Katrin Kosenkranius, Katarina Kotselainen, Triin Kukk, Siim Kuusem\u00e4e, Kadi K\u00fcbarsepp, Andreas Lichfeld, Helen-Kristi Loo, Marita Lumi, Liina L\u00f5\u00f5bas, Urmas L\u00fc\u00fcs, Anneli Oppar, Rauno Paju, Ettel Poobus, Darja Popolitova, Anna-Maria Saar, Merilin T\u00f5nisoja, Paul Villemi.<\/span><\/p>\n<p><span style=\"font-weight: 400;\">Curators: Katrin Kosenkranius, Liina L\u00f5\u00f5bas, Triin Elias.<br \/>\n<\/span><span style=\"font-weight: 400;\">The exhibition is supported by the Cultural Endowment of Estonia,\u00a0the Ministry of Culture, Avallone AS and nanoPruul Brewery.<\/span><\/p>\n<\/div><div class=\"btClear btSeparator topSemiSpaced noBorder\" ><hr><\/div><header class=\"header btClear medium btDash bottomDash\" ><div class=\"dash\"><h3><span class=\"headline\">Opening<\/span><\/h3><\/div><div class=\"btSubTitle\">07.04 at 17:00<\/div><\/header><\/div><\/div><div class=\"rowItem col-md-2  col-sm-4 col-ms-12 btTextLeft animate animate-fadein animate-moveup inherit\"  data-width=\"2\"><div class=\"rowItemContent\" ><div class=\"btClear btSeparator topSpaced noBorder\" ><hr><\/div><div class=\"btClear btSeparator topSmallSpaced noBorder\" ><hr><\/div><header class=\"header btClear small btDash bottomDash\" ><div class=\"btSuperTitle\">LOCATION, OPENING HOURS, TICKETS<\/div><div class=\"dash\"><h4><span class=\"headline\">Kiek in de K\u00f6k<\/span><\/h4><\/div><div class=\"btSubTitle\">Komandandi tee 2, Tallinn\r<br>Open Tue-Sun 10.30-18\r<br>Ticket 5 \/ 3 \/ 10 eur,\r<br>free admission for pre-school children and on The City Day of Tallinn, May 15<\/div><\/header><div class=\"btClear btSeparator topSmallSpaced noBorder\" ><hr><\/div><\/div><\/div><\/div><\/div><\/div><\/div><\/div><\/section><\/div>","protected":false},"excerpt":{"rendered":"","protected":false},"author":3,"featured_media":0,"parent":3671,"menu_order":0,"comment_status":"closed","ping_status":"closed","template":"","meta":{"inline_featured_image":false,"_exactmetrics_skip_tracking":false,"_exactmetrics_sitenote_active":false,"_exactmetrics_sitenote_note":"","_exactmetrics_sitenote_category":0,"footnotes":""},"yoast_head":"<!-- This site is optimized with the Yoast SEO plugin v21.2 - https:\/\/yoast.com\/wordpress\/plugins\/seo\/ -->\n<title>Armour &#8211; Tallinna rakenduskunsti triennaal<\/title>\n<meta name=\"robots\" content=\"index, follow, max-snippet:-1, max-image-preview:large, max-video-preview:-1\" \/>\n<link rel=\"canonical\" href=\"https:\/\/trtr.ee\/en\/satellite-programme\/armour\/\" \/>\n<meta property=\"og:locale\" content=\"en_US\" \/>\n<meta property=\"og:type\" content=\"article\" \/>\n<meta property=\"og:title\" content=\"Armour &#8211; Tallinna rakenduskunsti triennaal\" \/>\n<meta property=\"og:url\" content=\"https:\/\/trtr.ee\/en\/satellite-programme\/armour\/\" \/>\n<meta property=\"og:site_name\" content=\"Tallinna rakenduskunsti triennaal\" \/>\n<meta property=\"article:publisher\" content=\"https:\/\/www.facebook.com\/TallinnAppliedArtTriennial\" \/>\n<meta property=\"article:modified_time\" content=\"2017-05-10T12:24:45+00:00\" \/>\n<meta property=\"og:image\" content=\"https:\/\/trtr.ee\/wp-content\/uploads\/2024\/10\/TRTR_webbg_1200-x-630px_5.png\" \/>\n\t<meta property=\"og:image:width\" content=\"1200\" \/>\n\t<meta property=\"og:image:height\" content=\"630\" \/>\n\t<meta property=\"og:image:type\" content=\"image\/png\" \/>\n<meta name=\"twitter:card\" content=\"summary_large_image\" \/>\n<meta name=\"twitter:label1\" content=\"Est. reading time\" \/>\n\t<meta name=\"twitter:data1\" content=\"3 minutes\" \/>\n<script type=\"application\/ld+json\" class=\"yoast-schema-graph\">{\"@context\":\"https:\/\/schema.org\",\"@graph\":[{\"@type\":\"WebPage\",\"@id\":\"https:\/\/trtr.ee\/en\/satellite-programme\/armour\/\",\"url\":\"https:\/\/trtr.ee\/en\/satellite-programme\/armour\/\",\"name\":\"Armour &#8211; Tallinna rakenduskunsti triennaal\",\"isPartOf\":{\"@id\":\"https:\/\/trtr.ee\/#website\"},\"datePublished\":\"2017-03-09T11:18:45+00:00\",\"dateModified\":\"2017-05-10T12:24:45+00:00\",\"breadcrumb\":{\"@id\":\"https:\/\/trtr.ee\/en\/satellite-programme\/armour\/#breadcrumb\"},\"inLanguage\":\"en-US\",\"potentialAction\":[{\"@type\":\"ReadAction\",\"target\":[\"https:\/\/trtr.ee\/en\/satellite-programme\/armour\/\"]}]},{\"@type\":\"BreadcrumbList\",\"@id\":\"https:\/\/trtr.ee\/en\/satellite-programme\/armour\/#breadcrumb\",\"itemListElement\":[{\"@type\":\"ListItem\",\"position\":1,\"name\":\"Home\",\"item\":\"https:\/\/trtr.ee\/en\/\"},{\"@type\":\"ListItem\",\"position\":2,\"name\":\"Satellite programme\",\"item\":\"https:\/\/trtr.ee\/en\/satellite-programme\/\"},{\"@type\":\"ListItem\",\"position\":3,\"name\":\"Armour\"}]},{\"@type\":\"WebSite\",\"@id\":\"https:\/\/trtr.ee\/#website\",\"url\":\"https:\/\/trtr.ee\/\",\"name\":\"Tallinna rakenduskunsti triennaal\",\"description\":\"Tallinna rakenduskunsti triennaal\",\"potentialAction\":[{\"@type\":\"SearchAction\",\"target\":{\"@type\":\"EntryPoint\",\"urlTemplate\":\"https:\/\/trtr.ee\/?s={search_term_string}\"},\"query-input\":\"required name=search_term_string\"}],\"inLanguage\":\"en-US\"}]}<\/script>\n<!-- \/ Yoast SEO plugin. -->","yoast_head_json":{"title":"Armour &#8211; Tallinna rakenduskunsti triennaal","robots":{"index":"index","follow":"follow","max-snippet":"max-snippet:-1","max-image-preview":"max-image-preview:large","max-video-preview":"max-video-preview:-1"},"canonical":"https:\/\/trtr.ee\/en\/satellite-programme\/armour\/","og_locale":"en_US","og_type":"article","og_title":"Armour &#8211; Tallinna rakenduskunsti triennaal","og_url":"https:\/\/trtr.ee\/en\/satellite-programme\/armour\/","og_site_name":"Tallinna rakenduskunsti triennaal","article_publisher":"https:\/\/www.facebook.com\/TallinnAppliedArtTriennial","article_modified_time":"2017-05-10T12:24:45+00:00","og_image":[{"width":1200,"height":630,"url":"https:\/\/trtr.ee\/wp-content\/uploads\/2024\/10\/TRTR_webbg_1200-x-630px_5.png","type":"image\/png"}],"twitter_card":"summary_large_image","twitter_misc":{"Est. reading time":"3 minutes"},"schema":{"@context":"https:\/\/schema.org","@graph":[{"@type":"WebPage","@id":"https:\/\/trtr.ee\/en\/satellite-programme\/armour\/","url":"https:\/\/trtr.ee\/en\/satellite-programme\/armour\/","name":"Armour &#8211; Tallinna rakenduskunsti triennaal","isPartOf":{"@id":"https:\/\/trtr.ee\/#website"},"datePublished":"2017-03-09T11:18:45+00:00","dateModified":"2017-05-10T12:24:45+00:00","breadcrumb":{"@id":"https:\/\/trtr.ee\/en\/satellite-programme\/armour\/#breadcrumb"},"inLanguage":"en-US","potentialAction":[{"@type":"ReadAction","target":["https:\/\/trtr.ee\/en\/satellite-programme\/armour\/"]}]},{"@type":"BreadcrumbList","@id":"https:\/\/trtr.ee\/en\/satellite-programme\/armour\/#breadcrumb","itemListElement":[{"@type":"ListItem","position":1,"name":"Home","item":"https:\/\/trtr.ee\/en\/"},{"@type":"ListItem","position":2,"name":"Satellite programme","item":"https:\/\/trtr.ee\/en\/satellite-programme\/"},{"@type":"ListItem","position":3,"name":"Armour"}]},{"@type":"WebSite","@id":"https:\/\/trtr.ee\/#website","url":"https:\/\/trtr.ee\/","name":"Tallinna rakenduskunsti triennaal","description":"Tallinna rakenduskunsti triennaal","potentialAction":[{"@type":"SearchAction","target":{"@type":"EntryPoint","urlTemplate":"https:\/\/trtr.ee\/?s={search_term_string}"},"query-input":"required name=search_term_string"}],"inLanguage":"en-US"}]}},"_links":{"self":[{"href":"https:\/\/trtr.ee\/en\/wp-json\/wp\/v2\/pages\/3695"}],"collection":[{"href":"https:\/\/trtr.ee\/en\/wp-json\/wp\/v2\/pages"}],"about":[{"href":"https:\/\/trtr.ee\/en\/wp-json\/wp\/v2\/types\/page"}],"author":[{"embeddable":true,"href":"https:\/\/trtr.ee\/en\/wp-json\/wp\/v2\/users\/3"}],"replies":[{"embeddable":true,"href":"https:\/\/trtr.ee\/en\/wp-json\/wp\/v2\/comments?post=3695"}],"version-history":[{"count":5,"href":"https:\/\/trtr.ee\/en\/wp-json\/wp\/v2\/pages\/3695\/revisions"}],"predecessor-version":[{"id":5080,"href":"https:\/\/trtr.ee\/en\/wp-json\/wp\/v2\/pages\/3695\/revisions\/5080"}],"up":[{"embeddable":true,"href":"https:\/\/trtr.ee\/en\/wp-json\/wp\/v2\/pages\/3671"}],"wp:attachment":[{"href":"https:\/\/trtr.ee\/en\/wp-json\/wp\/v2\/media?parent=3695"}],"curies":[{"name":"wp","href":"https:\/\/api.w.org\/{rel}","templated":true}]}}