{"id":2207,"date":"2016-06-14T21:33:38","date_gmt":"2016-06-14T18:33:38","guid":{"rendered":"https:\/\/trtr.ee\/?page_id=2207"},"modified":"2016-06-16T15:55:26","modified_gmt":"2016-06-16T12:55:26","slug":"2003-bare-boundaries","status":"publish","type":"page","link":"https:\/\/trtr.ee\/en\/history\/2003-bare-boundaries\/","title":{"rendered":"2003 \/ Bare Boundaries"},"content":{"rendered":"<div class=\"bt_rc_container\"><section id=\"bt_section69dc29ba55d00\"  class=\"boldSection topExtraSpaced bottomSemiSpaced btDarkSkin gutter inherit wBackground cover\" style=\"background-image:url('https:\/\/trtr.ee\/wp-content\/uploads\/2016\/03\/2016-03-14-00.18.00.jpg');\"><div class=\"port\"><div class=\"boldCell\"><div class=\"boldCellInner\"><div class=\"boldRow \" ><div class=\"boldRowInner\"><div class=\"rowItem col-md-12 col-ms-12  btTextLeft\"  data-width=\"12\"><div class=\"rowItemContent\" ><\/div><\/div><\/div><\/div><\/div><\/div><\/div><\/section><section id=\"bt_section69dc29ba56039\"  class=\"boldSection topSpaced bottomSmallSpaced btLightSkin gutter inherit\" ><div class=\"port\"><div class=\"boldCell\"><div class=\"boldCellInner\"><div class=\"boldRow \" ><div class=\"boldRowInner\"><div class=\"rowItem col-md-12 col-ms-12  btTextLeft\"  data-width=\"12\"><div class=\"rowItemContent\" ><header class=\"header btClear large btDash bottomDash\" ><div class=\"btSuperTitle\">1. MAIN EXHIBITION<\/div><div class=\"dash\"><h2><span class=\"headline\">\u201eBare Boundaries\u201c<\/span><\/h2><\/div><div class=\"btSubTitle\">20.09\u201309.11.2003 Estonian Museum of Applied Art and Design<\/div><\/header><div class=\"btClear btSeparator topSmallSpaced noBorder\" ><hr><\/div><div class=\"btText\" ><p><strong>Curator:<\/strong> Ketli Tiitsar (EST)<br \/>\n<strong>Organisers:<\/strong> Ketli Tiitsar, Kai Lobjakas, Merike Alber (EST)<br \/>\n<strong>Exhibition design:<\/strong> Terje Kallast ja Urmas Luure (EST)<\/p>\n<\/div><\/div><\/div><\/div><\/div><\/div><\/div><\/div><\/section><section id=\"bt_section69dc29ba56b70\"  class=\"boldSection topSemiSpaced bottomSemiSpaced btLightSkin gutter inherit\" ><div class=\"port\"><div class=\"boldCell\"><div class=\"boldCellInner\"><div class=\"boldRow \" ><div class=\"boldRowInner\"><div class=\"rowItem col-md-6 col-sm-12 btTextLeft\"  data-width=\"6\"><div class=\"rowItemContent\" ><div class=\"btText\" ><p><strong>Artists:\u00a0<\/strong>Eija Mustonen (FIN), Ida Bj\u00f6rs (SWE), Iris Eichenberg (NLD), Perhonen (Mari Relander &amp; Anna Katriina Tilli) (FIN), Claus Domine Hansen (DNK), Lene Hald (DNK), Line Gottfred Petersen (DNK), Anders Ruhwald (DNK), Audrius Janu\u0161onis (LTU), Lina Jonikiene (LTU), Jolanta Kva\u0161yt\u00e9 (LTU), Eimantas Ludavi\u010dius (LTU), Aigi Orav (EST), Remigius Sederevi\u010dius (LTU),\u00a0 Adolfas \u0160aulys &amp; Mari Relo-\u0160aulys (EST), Mari-Liis Tammi (EST)<\/p>\n<\/div><\/div><\/div><div class=\"rowItem col-md-6 col-sm-12 btTextLeft\"  data-width=\"6\"><div class=\"rowItemContent\" ><div class=\"btText\" ><p class=\"p1\"><span class=\"s1\">Tallinn Applied Art Triennial took place as an international exposition for the third time. Being the disciple of a tradition of Applied Art Triennials of the Baltic States, event of year 2003 could also be considered the 10th triennial exposition already. The exposition bearing the title Bare Boundaries has not been imposed any self-censorship and has left itself opened for a definition by the audience.<\/span><\/p>\n<p class=\"p1\"><span class=\"s1\">Instead of a traditional exposition involving all fields of applied art without any geographical limitations and with an open registration, the Triennial Society decided to compile the exhibition from the works of the award-winners of the previous triennial held 3 years ago and the artists of their choice. The four award-winners Eija Mustonen (jewellery, Finland), Claus Domine Hansen (ceramics, Denmark), Audrius Janu\u0161onis (ceramics, Lithuania), Aigi Orav (ceramics, Estonia) were asked to select to the exposition one representative of the same field and two of a different field in addition to one\u2019s own works. The freedom to choose and to see beside oneself others than familiar artists only intrigued and inspired the winners of triennial. The symbiosis assembled by them turned out an international mixture of ceramics, textile artists, glass artists, jewellery artists, industrial designers and sculptors. All in all, there were participating 18 artists from Estonia, Lithuania, Denmark, Sweden, Finland, and the Netherlands.<\/span><\/p>\n<p class=\"p1\"><span class=\"s1\">The title Bare Boundaries served within this context primarily as a common foundation for a multi-layered discussion about the positions of applied art and design. In order to initiate a wide-based debate on the most crucial issues in the discipline, the participants were asked to answer questions about their self-definition. Their answers were available at the exhibition as well as in the catalogue.<b> <\/b>In addition to the main exhibition a seminar and artists\u2019 presentations day were held. The catalogue covering the Triennal\u2019s main exhibition and all the other events of the Triennial was published.<\/span><\/p>\n<\/div><\/div><\/div><\/div><\/div><\/div><\/div><\/div><\/section><section id=\"bt_section69dc29ba57254\"  class=\"boldSection topSmallSpaced bottomSemiSpaced gutter inherit\" ><div class=\"port\"><div class=\"boldCell\"><div class=\"boldCellInner\"><div class=\"boldRow \" ><div class=\"boldRowInner\"><div class=\"rowItem col-md-12 col-ms-12  btTextLeft\"  data-width=\"12\"><div class=\"rowItemContent\" ><div class=\"tilesWall btGridGallery tiled  btGridGap-20 lightbox\" data-col=\"6\"><div class=\"gridSizer\"><\/div><div class=\"gridItem btGhostSliderThumb bt11\" data-order-num=\"0\"><div class=\"btTileBox\"><div class=\"bpgPhoto \" > \r\n\t\t\t\t\t<a href=\"https:\/\/trtr.ee\/wp-content\/uploads\/2016\/06\/2003_DSCF0044_cor.jpg\" class=\"lightbox\" data-title=\"\"><\/a>\r\n\t\t\t\t\t<div class=\"boldPhotoBox\"><div class=\"bpbItem\"><div class=\"btImage\"><img src=\"https:\/\/trtr.ee\/wp-content\/uploads\/2016\/06\/2003_DSCF0044_cor-540x540.jpg\" alt=\"https:\/\/trtr.ee\/wp-content\/uploads\/2016\/06\/2003_DSCF0044_cor-540x540.jpg\"><\/div><\/div><\/div>\r\n\t\t\t\t\t<div class=\"captionPane btDarkSkin\">\r\n\t\t\t\t\t\t<div class=\"captionTable\">\r\n\t\t\t\t\t\t\t<div class=\"captionCell\">\r\n\t\t\t\t\t\t\t\t<div class=\"captionTxt\"><\/div>\r\n\t\t\t\t\t\t\t<\/div>\r\n\t\t\t\t\t\t<\/div>\r\n\t\t\t\t\t<\/div><\/div><\/div><\/div><div class=\"gridItem btGhostSliderThumb bt11\" data-order-num=\"1\"><div class=\"btTileBox\"><div class=\"bpgPhoto \" > \r\n\t\t\t\t\t<a href=\"https:\/\/trtr.ee\/wp-content\/uploads\/2016\/06\/2003_DSCF0048_cor.jpg\" class=\"lightbox\" data-title=\"\"><\/a>\r\n\t\t\t\t\t<div class=\"boldPhotoBox\"><div class=\"bpbItem\"><div class=\"btImage\"><img src=\"https:\/\/trtr.ee\/wp-content\/uploads\/2016\/06\/2003_DSCF0048_cor-540x540.jpg\" alt=\"https:\/\/trtr.ee\/wp-content\/uploads\/2016\/06\/2003_DSCF0048_cor-540x540.jpg\"><\/div><\/div><\/div>\r\n\t\t\t\t\t<div class=\"captionPane btDarkSkin\">\r\n\t\t\t\t\t\t<div class=\"captionTable\">\r\n\t\t\t\t\t\t\t<div class=\"captionCell\">\r\n\t\t\t\t\t\t\t\t<div class=\"captionTxt\"><\/div>\r\n\t\t\t\t\t\t\t<\/div>\r\n\t\t\t\t\t\t<\/div>\r\n\t\t\t\t\t<\/div><\/div><\/div><\/div><div class=\"gridItem btGhostSliderThumb bt11\" data-order-num=\"2\"><div class=\"btTileBox\"><div class=\"bpgPhoto \" > \r\n\t\t\t\t\t<a href=\"https:\/\/trtr.ee\/wp-content\/uploads\/2016\/06\/2003_DSCF0052_cor.jpg\" class=\"lightbox\" data-title=\"\"><\/a>\r\n\t\t\t\t\t<div class=\"boldPhotoBox\"><div class=\"bpbItem\"><div class=\"btImage\"><img src=\"https:\/\/trtr.ee\/wp-content\/uploads\/2016\/06\/2003_DSCF0052_cor-540x540.jpg\" alt=\"https:\/\/trtr.ee\/wp-content\/uploads\/2016\/06\/2003_DSCF0052_cor-540x540.jpg\"><\/div><\/div><\/div>\r\n\t\t\t\t\t<div class=\"captionPane btDarkSkin\">\r\n\t\t\t\t\t\t<div class=\"captionTable\">\r\n\t\t\t\t\t\t\t<div class=\"captionCell\">\r\n\t\t\t\t\t\t\t\t<div class=\"captionTxt\"><\/div>\r\n\t\t\t\t\t\t\t<\/div>\r\n\t\t\t\t\t\t<\/div>\r\n\t\t\t\t\t<\/div><\/div><\/div><\/div><div class=\"gridItem btGhostSliderThumb bt11\" data-order-num=\"3\"><div class=\"btTileBox\"><div class=\"bpgPhoto \" > \r\n\t\t\t\t\t<a href=\"https:\/\/trtr.ee\/wp-content\/uploads\/2016\/06\/2003_DSCF0053_cor.jpg\" class=\"lightbox\" data-title=\"\"><\/a>\r\n\t\t\t\t\t<div class=\"boldPhotoBox\"><div class=\"bpbItem\"><div class=\"btImage\"><img src=\"https:\/\/trtr.ee\/wp-content\/uploads\/2016\/06\/2003_DSCF0053_cor-540x540.jpg\" alt=\"https:\/\/trtr.ee\/wp-content\/uploads\/2016\/06\/2003_DSCF0053_cor-540x540.jpg\"><\/div><\/div><\/div>\r\n\t\t\t\t\t<div class=\"captionPane btDarkSkin\">\r\n\t\t\t\t\t\t<div class=\"captionTable\">\r\n\t\t\t\t\t\t\t<div class=\"captionCell\">\r\n\t\t\t\t\t\t\t\t<div class=\"captionTxt\"><\/div>\r\n\t\t\t\t\t\t\t<\/div>\r\n\t\t\t\t\t\t<\/div>\r\n\t\t\t\t\t<\/div><\/div><\/div><\/div><div class=\"gridItem btGhostSliderThumb bt11\" data-order-num=\"4\"><div class=\"btTileBox\"><div class=\"bpgPhoto \" > \r\n\t\t\t\t\t<a href=\"https:\/\/trtr.ee\/wp-content\/uploads\/2016\/06\/2003_DSCF0056_cor.jpg\" class=\"lightbox\" data-title=\"\"><\/a>\r\n\t\t\t\t\t<div class=\"boldPhotoBox\"><div class=\"bpbItem\"><div class=\"btImage\"><img src=\"https:\/\/trtr.ee\/wp-content\/uploads\/2016\/06\/2003_DSCF0056_cor-540x540.jpg\" alt=\"https:\/\/trtr.ee\/wp-content\/uploads\/2016\/06\/2003_DSCF0056_cor-540x540.jpg\"><\/div><\/div><\/div>\r\n\t\t\t\t\t<div class=\"captionPane btDarkSkin\">\r\n\t\t\t\t\t\t<div class=\"captionTable\">\r\n\t\t\t\t\t\t\t<div class=\"captionCell\">\r\n\t\t\t\t\t\t\t\t<div class=\"captionTxt\"><\/div>\r\n\t\t\t\t\t\t\t<\/div>\r\n\t\t\t\t\t\t<\/div>\r\n\t\t\t\t\t<\/div><\/div><\/div><\/div><div class=\"gridItem btGhostSliderThumb bt11\" data-order-num=\"5\"><div class=\"btTileBox\"><div class=\"bpgPhoto \" > \r\n\t\t\t\t\t<a href=\"https:\/\/trtr.ee\/wp-content\/uploads\/2016\/06\/2003_DSCF0060_cor.jpg\" class=\"lightbox\" data-title=\"\"><\/a>\r\n\t\t\t\t\t<div class=\"boldPhotoBox\"><div class=\"bpbItem\"><div class=\"btImage\"><img src=\"https:\/\/trtr.ee\/wp-content\/uploads\/2016\/06\/2003_DSCF0060_cor-540x540.jpg\" alt=\"https:\/\/trtr.ee\/wp-content\/uploads\/2016\/06\/2003_DSCF0060_cor-540x540.jpg\"><\/div><\/div><\/div>\r\n\t\t\t\t\t<div class=\"captionPane btDarkSkin\">\r\n\t\t\t\t\t\t<div class=\"captionTable\">\r\n\t\t\t\t\t\t\t<div class=\"captionCell\">\r\n\t\t\t\t\t\t\t\t<div class=\"captionTxt\"><\/div>\r\n\t\t\t\t\t\t\t<\/div>\r\n\t\t\t\t\t\t<\/div>\r\n\t\t\t\t\t<\/div><\/div><\/div><\/div><div class=\"gridItem btGhostSliderThumb bt11\" data-order-num=\"6\"><div class=\"btTileBox\"><div class=\"bpgPhoto \" > \r\n\t\t\t\t\t<a href=\"https:\/\/trtr.ee\/wp-content\/uploads\/2016\/06\/2003_AdolfasSaulys_Mari-ReloSaulys_Eesti.jpg\" class=\"lightbox\" data-title=\"\"><\/a>\r\n\t\t\t\t\t<div class=\"boldPhotoBox\"><div class=\"bpbItem\"><div class=\"btImage\"><img src=\"https:\/\/trtr.ee\/wp-content\/uploads\/2016\/06\/2003_AdolfasSaulys_Mari-ReloSaulys_Eesti-540x516.jpg\" alt=\"https:\/\/trtr.ee\/wp-content\/uploads\/2016\/06\/2003_AdolfasSaulys_Mari-ReloSaulys_Eesti-540x516.jpg\"><\/div><\/div><\/div>\r\n\t\t\t\t\t<div class=\"captionPane btDarkSkin\">\r\n\t\t\t\t\t\t<div class=\"captionTable\">\r\n\t\t\t\t\t\t\t<div class=\"captionCell\">\r\n\t\t\t\t\t\t\t\t<div class=\"captionTxt\"><\/div>\r\n\t\t\t\t\t\t\t<\/div>\r\n\t\t\t\t\t\t<\/div>\r\n\t\t\t\t\t<\/div><\/div><\/div><\/div><div class=\"gridItem btGhostSliderThumb bt11\" data-order-num=\"7\"><div class=\"btTileBox\"><div class=\"bpgPhoto \" > \r\n\t\t\t\t\t<a href=\"https:\/\/trtr.ee\/wp-content\/uploads\/2016\/06\/2003_Anders_Ruhwald_Taani.jpg\" class=\"lightbox\" data-title=\"\"><\/a>\r\n\t\t\t\t\t<div class=\"boldPhotoBox\"><div class=\"bpbItem\"><div class=\"btImage\"><img src=\"https:\/\/trtr.ee\/wp-content\/uploads\/2016\/06\/2003_Anders_Ruhwald_Taani-540x514.jpg\" alt=\"https:\/\/trtr.ee\/wp-content\/uploads\/2016\/06\/2003_Anders_Ruhwald_Taani-540x514.jpg\"><\/div><\/div><\/div>\r\n\t\t\t\t\t<div class=\"captionPane btDarkSkin\">\r\n\t\t\t\t\t\t<div class=\"captionTable\">\r\n\t\t\t\t\t\t\t<div class=\"captionCell\">\r\n\t\t\t\t\t\t\t\t<div class=\"captionTxt\"><\/div>\r\n\t\t\t\t\t\t\t<\/div>\r\n\t\t\t\t\t\t<\/div>\r\n\t\t\t\t\t<\/div><\/div><\/div><\/div><div class=\"gridItem btGhostSliderThumb bt11\" data-order-num=\"8\"><div class=\"btTileBox\"><div class=\"bpgPhoto \" > \r\n\t\t\t\t\t<a href=\"https:\/\/trtr.ee\/wp-content\/uploads\/2016\/06\/2003_AudriusJanusonis_Leedu.jpg\" class=\"lightbox\" data-title=\"\"><\/a>\r\n\t\t\t\t\t<div class=\"boldPhotoBox\"><div class=\"bpbItem\"><div class=\"btImage\"><img src=\"https:\/\/trtr.ee\/wp-content\/uploads\/2016\/06\/2003_AudriusJanusonis_Leedu-540x532.jpg\" alt=\"https:\/\/trtr.ee\/wp-content\/uploads\/2016\/06\/2003_AudriusJanusonis_Leedu-540x532.jpg\"><\/div><\/div><\/div>\r\n\t\t\t\t\t<div class=\"captionPane btDarkSkin\">\r\n\t\t\t\t\t\t<div class=\"captionTable\">\r\n\t\t\t\t\t\t\t<div class=\"captionCell\">\r\n\t\t\t\t\t\t\t\t<div class=\"captionTxt\"><\/div>\r\n\t\t\t\t\t\t\t<\/div>\r\n\t\t\t\t\t\t<\/div>\r\n\t\t\t\t\t<\/div><\/div><\/div><\/div><div class=\"gridItem btGhostSliderThumb bt11\" data-order-num=\"9\"><div class=\"btTileBox\"><div class=\"bpgPhoto \" > \r\n\t\t\t\t\t<a href=\"https:\/\/trtr.ee\/wp-content\/uploads\/2016\/06\/2003_ClausDomineHansen_Taani.jpg\" class=\"lightbox\" data-title=\"\"><\/a>\r\n\t\t\t\t\t<div class=\"boldPhotoBox\"><div class=\"bpbItem\"><div class=\"btImage\"><img src=\"https:\/\/trtr.ee\/wp-content\/uploads\/2016\/06\/2003_ClausDomineHansen_Taani-540x511.jpg\" alt=\"https:\/\/trtr.ee\/wp-content\/uploads\/2016\/06\/2003_ClausDomineHansen_Taani-540x511.jpg\"><\/div><\/div><\/div>\r\n\t\t\t\t\t<div class=\"captionPane btDarkSkin\">\r\n\t\t\t\t\t\t<div class=\"captionTable\">\r\n\t\t\t\t\t\t\t<div class=\"captionCell\">\r\n\t\t\t\t\t\t\t\t<div class=\"captionTxt\"><\/div>\r\n\t\t\t\t\t\t\t<\/div>\r\n\t\t\t\t\t\t<\/div>\r\n\t\t\t\t\t<\/div><\/div><\/div><\/div><div class=\"gridItem btGhostSliderThumb bt11\" data-order-num=\"10\"><div class=\"btTileBox\"><div class=\"bpgPhoto \" > \r\n\t\t\t\t\t<a href=\"https:\/\/trtr.ee\/wp-content\/uploads\/2016\/06\/2003_EijaMustonen_Soome.jpg\" class=\"lightbox\" data-title=\"\"><\/a>\r\n\t\t\t\t\t<div class=\"boldPhotoBox\"><div class=\"bpbItem\"><div class=\"btImage\"><img src=\"https:\/\/trtr.ee\/wp-content\/uploads\/2016\/06\/2003_EijaMustonen_Soome-540x540.jpg\" alt=\"https:\/\/trtr.ee\/wp-content\/uploads\/2016\/06\/2003_EijaMustonen_Soome-540x540.jpg\"><\/div><\/div><\/div>\r\n\t\t\t\t\t<div class=\"captionPane btDarkSkin\">\r\n\t\t\t\t\t\t<div class=\"captionTable\">\r\n\t\t\t\t\t\t\t<div class=\"captionCell\">\r\n\t\t\t\t\t\t\t\t<div class=\"captionTxt\"><\/div>\r\n\t\t\t\t\t\t\t<\/div>\r\n\t\t\t\t\t\t<\/div>\r\n\t\t\t\t\t<\/div><\/div><\/div><\/div><div class=\"gridItem btGhostSliderThumb bt11\" data-order-num=\"11\"><div class=\"btTileBox\"><div class=\"bpgPhoto \" > \r\n\t\t\t\t\t<a href=\"https:\/\/trtr.ee\/wp-content\/uploads\/2016\/06\/2003_IdaBjars_Rootsi.jpg\" class=\"lightbox\" data-title=\"\"><\/a>\r\n\t\t\t\t\t<div class=\"boldPhotoBox\"><div class=\"bpbItem\"><div class=\"btImage\"><img src=\"https:\/\/trtr.ee\/wp-content\/uploads\/2016\/06\/2003_IdaBjars_Rootsi-504x540.jpg\" alt=\"https:\/\/trtr.ee\/wp-content\/uploads\/2016\/06\/2003_IdaBjars_Rootsi-504x540.jpg\"><\/div><\/div><\/div>\r\n\t\t\t\t\t<div class=\"captionPane btDarkSkin\">\r\n\t\t\t\t\t\t<div class=\"captionTable\">\r\n\t\t\t\t\t\t\t<div class=\"captionCell\">\r\n\t\t\t\t\t\t\t\t<div class=\"captionTxt\"><\/div>\r\n\t\t\t\t\t\t\t<\/div>\r\n\t\t\t\t\t\t<\/div>\r\n\t\t\t\t\t<\/div><\/div><\/div><\/div><div class=\"gridItem btGhostSliderThumb bt11\" data-order-num=\"12\"><div class=\"btTileBox\"><div class=\"bpgPhoto \" > \r\n\t\t\t\t\t<a href=\"https:\/\/trtr.ee\/wp-content\/uploads\/2016\/06\/2003_IrisEichenberg_Holland.jpg\" class=\"lightbox\" data-title=\"\"><\/a>\r\n\t\t\t\t\t<div class=\"boldPhotoBox\"><div class=\"bpbItem\"><div class=\"btImage\"><img src=\"https:\/\/trtr.ee\/wp-content\/uploads\/2016\/06\/2003_IrisEichenberg_Holland-540x509.jpg\" alt=\"https:\/\/trtr.ee\/wp-content\/uploads\/2016\/06\/2003_IrisEichenberg_Holland-540x509.jpg\"><\/div><\/div><\/div>\r\n\t\t\t\t\t<div class=\"captionPane btDarkSkin\">\r\n\t\t\t\t\t\t<div class=\"captionTable\">\r\n\t\t\t\t\t\t\t<div class=\"captionCell\">\r\n\t\t\t\t\t\t\t\t<div class=\"captionTxt\"><\/div>\r\n\t\t\t\t\t\t\t<\/div>\r\n\t\t\t\t\t\t<\/div>\r\n\t\t\t\t\t<\/div><\/div><\/div><\/div><div class=\"gridItem btGhostSliderThumb bt11\" data-order-num=\"13\"><div class=\"btTileBox\"><div class=\"bpgPhoto \" > \r\n\t\t\t\t\t<a href=\"https:\/\/trtr.ee\/wp-content\/uploads\/2016\/06\/2003_Perhonen_Soome.jpg\" class=\"lightbox\" data-title=\"\"><\/a>\r\n\t\t\t\t\t<div class=\"boldPhotoBox\"><div class=\"bpbItem\"><div class=\"btImage\"><img src=\"https:\/\/trtr.ee\/wp-content\/uploads\/2016\/06\/2003_Perhonen_Soome-540x512.jpg\" alt=\"https:\/\/trtr.ee\/wp-content\/uploads\/2016\/06\/2003_Perhonen_Soome-540x512.jpg\"><\/div><\/div><\/div>\r\n\t\t\t\t\t<div class=\"captionPane btDarkSkin\">\r\n\t\t\t\t\t\t<div class=\"captionTable\">\r\n\t\t\t\t\t\t\t<div class=\"captionCell\">\r\n\t\t\t\t\t\t\t\t<div class=\"captionTxt\"><\/div>\r\n\t\t\t\t\t\t\t<\/div>\r\n\t\t\t\t\t\t<\/div>\r\n\t\t\t\t\t<\/div><\/div><\/div><\/div><div class=\"gridItem btGhostSliderThumb bt11\" data-order-num=\"14\"><div class=\"btTileBox\"><div class=\"bpgPhoto \" > \r\n\t\t\t\t\t<a href=\"https:\/\/trtr.ee\/wp-content\/uploads\/2016\/06\/2003_RemigijusSederevisius_Leedu.jpg\" class=\"lightbox\" data-title=\"\"><\/a>\r\n\t\t\t\t\t<div class=\"boldPhotoBox\"><div class=\"bpbItem\"><div class=\"btImage\"><img src=\"https:\/\/trtr.ee\/wp-content\/uploads\/2016\/06\/2003_RemigijusSederevisius_Leedu-540x508.jpg\" alt=\"https:\/\/trtr.ee\/wp-content\/uploads\/2016\/06\/2003_RemigijusSederevisius_Leedu-540x508.jpg\"><\/div><\/div><\/div>\r\n\t\t\t\t\t<div class=\"captionPane btDarkSkin\">\r\n\t\t\t\t\t\t<div class=\"captionTable\">\r\n\t\t\t\t\t\t\t<div class=\"captionCell\">\r\n\t\t\t\t\t\t\t\t<div class=\"captionTxt\"><\/div>\r\n\t\t\t\t\t\t\t<\/div>\r\n\t\t\t\t\t\t<\/div>\r\n\t\t\t\t\t<\/div><\/div><\/div><\/div><\/div><div class=\"btClear btSeparator topSmallSpaced noBorder\" ><hr><\/div><div class=\"btText\" ><p>Photos: \u00dclo Josing<\/p>\n<\/div><\/div><\/div><\/div><\/div><\/div><\/div><\/div><\/section><section id=\"bt_section69dc29ba6365c\"  class=\"boldSection topSemiSpaced bottomSemiSpaced gutter inherit\" style=\"background-color:#d9dbda;\"><div class=\"port\"><div class=\"boldCell\"><div class=\"boldCellInner\"><div class=\"boldRow \" ><div class=\"boldRowInner\"><div class=\"rowItem col-md-3 col-sm-6 col-ms-12 btTextLeft\"  data-width=\"3\"><div class=\"rowItemContent\" ><div class=\"bpgPhoto \" ><div class=\"btImage\"><img src=\"https:\/\/trtr.ee\/wp-content\/uploads\/2016\/06\/2003_kataloog.jpg\" alt=\"https:\/\/trtr.ee\/wp-content\/uploads\/2016\/06\/2003_kataloog.jpg\"><\/div><\/div><\/div><\/div><div class=\"rowItem col-md-9 col-ms-12  btTextLeft\"  data-width=\"9\"><div class=\"rowItemContent\" ><header class=\"header btClear medium btDash bottomDash\" ><div class=\"dash\"><h3><span class=\"headline\">Catalogue<\/span><\/h3><\/div><\/header><div class=\"btClear btSeparator bottomSemiSpaced noBorder\" ><hr><\/div><div class=\"btText\" ><p>Compiled by Kai Lobjakas and Ketli Tiitsar<br \/>\nDesigned by D\u00e9nes Kalev Farkas<br \/>\nTranslated by Helena J\u00f5gi, Pilleke Laarmann<br \/>\nPrinting house: Prisma Print<br \/>\nPublisher:\u00a0NGO Tallinn Applied Art Triennial Society<\/p>\n<p>68 pages<br \/>\nISBN 9949-301-0<br \/>\nTallinn 2003<\/p>\n<\/div><\/div><\/div><\/div><\/div><\/div><\/div><\/div><\/section><\/div>","protected":false},"excerpt":{"rendered":"","protected":false},"author":3,"featured_media":0,"parent":2200,"menu_order":0,"comment_status":"closed","ping_status":"closed","template":"","meta":{"inline_featured_image":false,"_exactmetrics_skip_tracking":false,"_exactmetrics_sitenote_active":false,"_exactmetrics_sitenote_note":"","_exactmetrics_sitenote_category":0,"footnotes":""},"yoast_head":"<!-- This site is optimized with the Yoast SEO plugin v21.2 - https:\/\/yoast.com\/wordpress\/plugins\/seo\/ -->\n<title>2003 \/ Bare Boundaries &#8211; Tallinna rakenduskunsti triennaal<\/title>\n<meta name=\"robots\" content=\"index, follow, max-snippet:-1, max-image-preview:large, max-video-preview:-1\" \/>\n<link rel=\"canonical\" href=\"https:\/\/trtr.ee\/en\/history\/2003-bare-boundaries\/\" \/>\n<meta property=\"og:locale\" content=\"en_US\" \/>\n<meta property=\"og:type\" content=\"article\" \/>\n<meta property=\"og:title\" content=\"2003 \/ Bare Boundaries &#8211; Tallinna rakenduskunsti triennaal\" \/>\n<meta property=\"og:url\" content=\"https:\/\/trtr.ee\/en\/history\/2003-bare-boundaries\/\" \/>\n<meta property=\"og:site_name\" content=\"Tallinna rakenduskunsti triennaal\" \/>\n<meta property=\"article:publisher\" content=\"https:\/\/www.facebook.com\/TallinnAppliedArtTriennial\" \/>\n<meta property=\"article:modified_time\" content=\"2016-06-16T12:55:26+00:00\" \/>\n<meta property=\"og:image\" content=\"https:\/\/trtr.ee\/wp-content\/uploads\/2024\/10\/TRTR_webbg_1200-x-630px_5.png\" \/>\n\t<meta property=\"og:image:width\" content=\"1200\" \/>\n\t<meta property=\"og:image:height\" content=\"630\" \/>\n\t<meta property=\"og:image:type\" content=\"image\/png\" \/>\n<meta name=\"twitter:card\" content=\"summary_large_image\" \/>\n<meta name=\"twitter:label1\" content=\"Est. reading time\" \/>\n\t<meta name=\"twitter:data1\" content=\"5 minutes\" \/>\n<script type=\"application\/ld+json\" class=\"yoast-schema-graph\">{\"@context\":\"https:\/\/schema.org\",\"@graph\":[{\"@type\":\"WebPage\",\"@id\":\"https:\/\/trtr.ee\/en\/history\/2003-bare-boundaries\/\",\"url\":\"https:\/\/trtr.ee\/en\/history\/2003-bare-boundaries\/\",\"name\":\"2003 \/ Bare Boundaries &#8211; Tallinna rakenduskunsti triennaal\",\"isPartOf\":{\"@id\":\"https:\/\/trtr.ee\/#website\"},\"datePublished\":\"2016-06-14T18:33:38+00:00\",\"dateModified\":\"2016-06-16T12:55:26+00:00\",\"breadcrumb\":{\"@id\":\"https:\/\/trtr.ee\/en\/history\/2003-bare-boundaries\/#breadcrumb\"},\"inLanguage\":\"en-US\",\"potentialAction\":[{\"@type\":\"ReadAction\",\"target\":[\"https:\/\/trtr.ee\/en\/history\/2003-bare-boundaries\/\"]}]},{\"@type\":\"BreadcrumbList\",\"@id\":\"https:\/\/trtr.ee\/en\/history\/2003-bare-boundaries\/#breadcrumb\",\"itemListElement\":[{\"@type\":\"ListItem\",\"position\":1,\"name\":\"Home\",\"item\":\"https:\/\/trtr.ee\/en\/\"},{\"@type\":\"ListItem\",\"position\":2,\"name\":\"HISTORY\",\"item\":\"https:\/\/trtr.ee\/en\/history\/\"},{\"@type\":\"ListItem\",\"position\":3,\"name\":\"2003 \/ Bare Boundaries\"}]},{\"@type\":\"WebSite\",\"@id\":\"https:\/\/trtr.ee\/#website\",\"url\":\"https:\/\/trtr.ee\/\",\"name\":\"Tallinna rakenduskunsti triennaal\",\"description\":\"Tallinna rakenduskunsti triennaal\",\"potentialAction\":[{\"@type\":\"SearchAction\",\"target\":{\"@type\":\"EntryPoint\",\"urlTemplate\":\"https:\/\/trtr.ee\/?s={search_term_string}\"},\"query-input\":\"required name=search_term_string\"}],\"inLanguage\":\"en-US\"}]}<\/script>\n<!-- \/ Yoast SEO plugin. -->","yoast_head_json":{"title":"2003 \/ Bare Boundaries &#8211; Tallinna rakenduskunsti triennaal","robots":{"index":"index","follow":"follow","max-snippet":"max-snippet:-1","max-image-preview":"max-image-preview:large","max-video-preview":"max-video-preview:-1"},"canonical":"https:\/\/trtr.ee\/en\/history\/2003-bare-boundaries\/","og_locale":"en_US","og_type":"article","og_title":"2003 \/ Bare Boundaries &#8211; Tallinna rakenduskunsti triennaal","og_url":"https:\/\/trtr.ee\/en\/history\/2003-bare-boundaries\/","og_site_name":"Tallinna rakenduskunsti triennaal","article_publisher":"https:\/\/www.facebook.com\/TallinnAppliedArtTriennial","article_modified_time":"2016-06-16T12:55:26+00:00","og_image":[{"width":1200,"height":630,"url":"https:\/\/trtr.ee\/wp-content\/uploads\/2024\/10\/TRTR_webbg_1200-x-630px_5.png","type":"image\/png"}],"twitter_card":"summary_large_image","twitter_misc":{"Est. reading time":"5 minutes"},"schema":{"@context":"https:\/\/schema.org","@graph":[{"@type":"WebPage","@id":"https:\/\/trtr.ee\/en\/history\/2003-bare-boundaries\/","url":"https:\/\/trtr.ee\/en\/history\/2003-bare-boundaries\/","name":"2003 \/ Bare Boundaries &#8211; Tallinna rakenduskunsti triennaal","isPartOf":{"@id":"https:\/\/trtr.ee\/#website"},"datePublished":"2016-06-14T18:33:38+00:00","dateModified":"2016-06-16T12:55:26+00:00","breadcrumb":{"@id":"https:\/\/trtr.ee\/en\/history\/2003-bare-boundaries\/#breadcrumb"},"inLanguage":"en-US","potentialAction":[{"@type":"ReadAction","target":["https:\/\/trtr.ee\/en\/history\/2003-bare-boundaries\/"]}]},{"@type":"BreadcrumbList","@id":"https:\/\/trtr.ee\/en\/history\/2003-bare-boundaries\/#breadcrumb","itemListElement":[{"@type":"ListItem","position":1,"name":"Home","item":"https:\/\/trtr.ee\/en\/"},{"@type":"ListItem","position":2,"name":"HISTORY","item":"https:\/\/trtr.ee\/en\/history\/"},{"@type":"ListItem","position":3,"name":"2003 \/ Bare Boundaries"}]},{"@type":"WebSite","@id":"https:\/\/trtr.ee\/#website","url":"https:\/\/trtr.ee\/","name":"Tallinna rakenduskunsti triennaal","description":"Tallinna rakenduskunsti triennaal","potentialAction":[{"@type":"SearchAction","target":{"@type":"EntryPoint","urlTemplate":"https:\/\/trtr.ee\/?s={search_term_string}"},"query-input":"required name=search_term_string"}],"inLanguage":"en-US"}]}},"_links":{"self":[{"href":"https:\/\/trtr.ee\/en\/wp-json\/wp\/v2\/pages\/2207"}],"collection":[{"href":"https:\/\/trtr.ee\/en\/wp-json\/wp\/v2\/pages"}],"about":[{"href":"https:\/\/trtr.ee\/en\/wp-json\/wp\/v2\/types\/page"}],"author":[{"embeddable":true,"href":"https:\/\/trtr.ee\/en\/wp-json\/wp\/v2\/users\/3"}],"replies":[{"embeddable":true,"href":"https:\/\/trtr.ee\/en\/wp-json\/wp\/v2\/comments?post=2207"}],"version-history":[{"count":5,"href":"https:\/\/trtr.ee\/en\/wp-json\/wp\/v2\/pages\/2207\/revisions"}],"predecessor-version":[{"id":2505,"href":"https:\/\/trtr.ee\/en\/wp-json\/wp\/v2\/pages\/2207\/revisions\/2505"}],"up":[{"embeddable":true,"href":"https:\/\/trtr.ee\/en\/wp-json\/wp\/v2\/pages\/2200"}],"wp:attachment":[{"href":"https:\/\/trtr.ee\/en\/wp-json\/wp\/v2\/media?parent=2207"}],"curies":[{"name":"wp","href":"https:\/\/api.w.org\/{rel}","templated":true}]}}