{"id":2203,"date":"2016-06-14T21:32:08","date_gmt":"2016-06-14T18:32:08","guid":{"rendered":"https:\/\/trtr.ee\/?page_id=2203"},"modified":"2016-06-16T16:49:21","modified_gmt":"2016-06-16T13:49:21","slug":"1997-useless-things","status":"publish","type":"page","link":"https:\/\/trtr.ee\/en\/history\/1997-useless-things\/","title":{"rendered":"1997 \/ Useless Things"},"content":{"rendered":"<div class=\"bt_rc_container\"><section id=\"bt_section69d399455f125\"  class=\"boldSection topExtraSpaced bottomSemiSpaced btDarkSkin gutter inherit wBackground cover\" style=\"background-image:url('https:\/\/trtr.ee\/wp-content\/uploads\/2016\/03\/2016-03-14-00.18.00.jpg');\"><div class=\"port\"><div class=\"boldCell\"><div class=\"boldCellInner\"><div class=\"boldRow \" ><div class=\"boldRowInner\"><div class=\"rowItem col-md-12 col-ms-12  btTextLeft\"  data-width=\"12\"><div class=\"rowItemContent\" ><\/div><\/div><\/div><\/div><\/div><\/div><\/div><\/section><section id=\"bt_section69d399455f448\"  class=\"boldSection topSpaced bottomSmallSpaced btLightSkin gutter inherit\" ><div class=\"port\"><div class=\"boldCell\"><div class=\"boldCellInner\"><div class=\"boldRow \" ><div class=\"boldRowInner\"><div class=\"rowItem col-md-12 col-ms-12  btTextLeft\"  data-width=\"12\"><div class=\"rowItemContent\" ><header class=\"header btClear large btDash bottomDash\" ><div class=\"btSuperTitle\">1. EXHIBITION<\/div><div class=\"dash\"><h2><span class=\"headline\">\u201eUseless Things\u201c<\/span><\/h2><\/div><div class=\"btSubTitle\">20.06-31.08.1997 Applied Art Museum, Tallinn<\/div><\/header><div class=\"btClear btSeparator topSmallSpaced noBorder\" ><hr><\/div><div class=\"btText\" ><p><strong>Curator:<\/strong> Lea Pruuli (EST)<br \/>\n<strong>Organisers:<\/strong> Lea Pruuli, Merike Alber, Katrin Pere (EST)<br \/>\n<strong>Exhibition design:<\/strong> Urmas Muru and Peeter Pere (EST)<\/p>\n<\/div><\/div><\/div><\/div><\/div><\/div><\/div><\/div><\/section><section id=\"bt_section69d3994560049\"  class=\"boldSection topSemiSpaced bottomSemiSpaced btLightSkin gutter inherit\" ><div class=\"port\"><div class=\"boldCell\"><div class=\"boldCellInner\"><div class=\"boldRow \" ><div class=\"boldRowInner\"><div class=\"rowItem col-md-6 col-sm-12 btTextLeft\"  data-width=\"6\"><div class=\"rowItemContent\" ><div class=\"btText\" ><p><strong>Artist:\u00a0<\/strong>Christel Allik (EST), Katrin Amos (EST), Hanne Bertelsen (DK),<br \/>\nIrena Biechonska (IL), Dorota Bielas (IL), Alvaro Botella (ES), Egl\u00e9-Ganda Bogdanien\u00e9 (LT), Esther Brinkmann (CH), Gatis Buravcovs (LV), Astrid B\u00e4rndal ( DE), Bjarne Christensen (DK), \u201eCiempi\u00e9s\u201c \u2013 K. Kinnander (ES), Jadwiga Drewinski (DE), Gabriela Felgentr\u00e4ger (DE), Felix Flury (CH), Ulla Fogelholm (FI), Elita Freimane (LV), Ona Grigait\u00e9 (LT), Gudr\u00fan Gunnarsd\u00f3ttir (IS), Eero Haikala (FI), Sari Hedman (FI), Mirja Mikkonen-Huhtela (FI), Rytas Jakimavi\u010dius (LT), Inese Jakobi (LV),\u00a0Kaarin Bonde Jensen (FI), Raija Jokinen (FI), Elna Kaasik (EST), Aino Kajaniemi (FI), Silvi Kalda (EST), Viivi-Ann Keerdo (EST), Kaarina Kellom\u00e4ki (FI), Signe Kivi (EST), Vladimir Klein (CZ), Eve Koha (EST), Karol Kr\u010dm\u00e1r (SK), Anka Kr\u00f6hnke (DE), Marita Kulvik (FI), Janis Kup\u010ds (LV), Minako Kusama (JP), \u00dclle K\u00f5uts (EST), Ivi Laas (EST), Eero Lintusaari (FI), \u00c5se Ljones (NO), Velga Luka\u017ea (LV), Sara F. A. McDonald (GB), Iveta Mih\u00e1likov\u00e1 (SK), Judith Morgan (AU), Eija Mustonen (FI), Kadri M\u00e4lk (EST), Lennart M\u00e4nd (EST), Irene Nordli (NO), Baiba Os\u00edte (LV), Marja Palmujoki (FI), Kaie Parts, (EST), Katrin Pere (EST), Marjukka Pieti\u00e4inen (FI) ,Valda Podkalne (LV),\u00a0Ulla Pohjola (FI), Paulina Egl\u00e9 Pukyt\u00e9 (LT), Zaiga Putrama (LV), Mari P\u00e4rtelpoeg (EST), \u00dclle Rajasalu (EST), Kaire Rannik (EST), Timo Rytk\u00f6nen (FI), Mare Saare (EST), Livia Slizova (SK),\u00a0Anu Rank Soans (EST), Junko Tanaka (JP), Ulla Torop (EST), Annaliisa Troberg (FI),\u00a0Irmeli Vaher (EST), Maria Valdma (EST), Larissa Vanninen (FI), Vesa Varrela (FI), Dzintra Vilks (LV), \u00d5nne \u00d5unap (EST), Dorothee Wenz (DE)<\/p>\n<\/div><\/div><\/div><div class=\"rowItem col-md-6 col-sm-12 btTextLeft\"  data-width=\"6\"><div class=\"rowItemContent\" ><div class=\"btText\" ><p class=\"p1\"><span class=\"s1\">First Tallinn Applied Art Triennial took place in 1997. The theme of the exhibition was \u201cUseless Things\u201d, it concentrated on the phenomenon of interfusion of aesthetic and conceptual pursuits in contemporary applied art, a process that has made the relations between traditional notions and concepts indistinct and meaningless. From among 304 applicants form 26 countries, the international jury chose 79 artists of 16 different nationalities. The triennial was accompanied by a catalogue.<\/span><\/p>\n<\/div><\/div><\/div><\/div><\/div><\/div><\/div><\/div><\/section><section id=\"bt_section69d3994560682\"  class=\"boldSection topSmallSpaced bottomSemiSpaced gutter inherit\" ><div class=\"port\"><div class=\"boldCell\"><div class=\"boldCellInner\"><div class=\"boldRow \" ><div class=\"boldRowInner\"><div class=\"rowItem col-md-12 col-ms-12  btTextLeft\"  data-width=\"12\"><div class=\"rowItemContent\" ><div class=\"tilesWall btGridGallery tiled  btGridGap-20 lightbox\" data-col=\"6\"><div class=\"gridSizer\"><\/div><div class=\"gridItem btGhostSliderThumb bt11\" data-order-num=\"0\"><div class=\"btTileBox\"><div class=\"bpgPhoto \" > \r\n\t\t\t\t\t<a href=\"https:\/\/trtr.ee\/wp-content\/uploads\/2016\/06\/1997_vaade_1.jpg\" class=\"lightbox\" data-title=\"\"><\/a>\r\n\t\t\t\t\t<div class=\"boldPhotoBox\"><div class=\"bpbItem\"><div class=\"btImage\"><img src=\"https:\/\/trtr.ee\/wp-content\/uploads\/2016\/06\/1997_vaade_1-540x540.jpg\" alt=\"https:\/\/trtr.ee\/wp-content\/uploads\/2016\/06\/1997_vaade_1-540x540.jpg\"><\/div><\/div><\/div>\r\n\t\t\t\t\t<div class=\"captionPane btDarkSkin\">\r\n\t\t\t\t\t\t<div class=\"captionTable\">\r\n\t\t\t\t\t\t\t<div class=\"captionCell\">\r\n\t\t\t\t\t\t\t\t<div class=\"captionTxt\"><\/div>\r\n\t\t\t\t\t\t\t<\/div>\r\n\t\t\t\t\t\t<\/div>\r\n\t\t\t\t\t<\/div><\/div><\/div><\/div><div class=\"gridItem btGhostSliderThumb bt11\" data-order-num=\"1\"><div class=\"btTileBox\"><div class=\"bpgPhoto \" > \r\n\t\t\t\t\t<a href=\"https:\/\/trtr.ee\/wp-content\/uploads\/2016\/06\/1997_vaade8E1041.jpg\" class=\"lightbox\" data-title=\"\"><\/a>\r\n\t\t\t\t\t<div class=\"boldPhotoBox\"><div class=\"bpbItem\"><div class=\"btImage\"><img src=\"https:\/\/trtr.ee\/wp-content\/uploads\/2016\/06\/1997_vaade8E1041-540x540.jpg\" alt=\"https:\/\/trtr.ee\/wp-content\/uploads\/2016\/06\/1997_vaade8E1041-540x540.jpg\"><\/div><\/div><\/div>\r\n\t\t\t\t\t<div class=\"captionPane btDarkSkin\">\r\n\t\t\t\t\t\t<div class=\"captionTable\">\r\n\t\t\t\t\t\t\t<div class=\"captionCell\">\r\n\t\t\t\t\t\t\t\t<div class=\"captionTxt\"><\/div>\r\n\t\t\t\t\t\t\t<\/div>\r\n\t\t\t\t\t\t<\/div>\r\n\t\t\t\t\t<\/div><\/div><\/div><\/div><div class=\"gridItem btGhostSliderThumb bt11\" data-order-num=\"2\"><div class=\"btTileBox\"><div class=\"bpgPhoto \" > \r\n\t\t\t\t\t<a href=\"https:\/\/trtr.ee\/wp-content\/uploads\/2016\/06\/1997_vaade2.jpg\" class=\"lightbox\" data-title=\"\"><\/a>\r\n\t\t\t\t\t<div class=\"boldPhotoBox\"><div class=\"bpbItem\"><div class=\"btImage\"><img src=\"https:\/\/trtr.ee\/wp-content\/uploads\/2016\/06\/1997_vaade2-540x540.jpg\" alt=\"https:\/\/trtr.ee\/wp-content\/uploads\/2016\/06\/1997_vaade2-540x540.jpg\"><\/div><\/div><\/div>\r\n\t\t\t\t\t<div class=\"captionPane btDarkSkin\">\r\n\t\t\t\t\t\t<div class=\"captionTable\">\r\n\t\t\t\t\t\t\t<div class=\"captionCell\">\r\n\t\t\t\t\t\t\t\t<div class=\"captionTxt\"><\/div>\r\n\t\t\t\t\t\t\t<\/div>\r\n\t\t\t\t\t\t<\/div>\r\n\t\t\t\t\t<\/div><\/div><\/div><\/div><div class=\"gridItem btGhostSliderThumb bt11\" data-order-num=\"3\"><div class=\"btTileBox\"><div class=\"bpgPhoto \" > \r\n\t\t\t\t\t<a href=\"https:\/\/trtr.ee\/wp-content\/uploads\/2016\/06\/1997_vaade3.jpg\" class=\"lightbox\" data-title=\"\"><\/a>\r\n\t\t\t\t\t<div class=\"boldPhotoBox\"><div class=\"bpbItem\"><div class=\"btImage\"><img src=\"https:\/\/trtr.ee\/wp-content\/uploads\/2016\/06\/1997_vaade3-540x540.jpg\" alt=\"https:\/\/trtr.ee\/wp-content\/uploads\/2016\/06\/1997_vaade3-540x540.jpg\"><\/div><\/div><\/div>\r\n\t\t\t\t\t<div class=\"captionPane btDarkSkin\">\r\n\t\t\t\t\t\t<div class=\"captionTable\">\r\n\t\t\t\t\t\t\t<div class=\"captionCell\">\r\n\t\t\t\t\t\t\t\t<div class=\"captionTxt\"><\/div>\r\n\t\t\t\t\t\t\t<\/div>\r\n\t\t\t\t\t\t<\/div>\r\n\t\t\t\t\t<\/div><\/div><\/div><\/div><div class=\"gridItem btGhostSliderThumb bt11\" data-order-num=\"4\"><div class=\"btTileBox\"><div class=\"bpgPhoto \" > \r\n\t\t\t\t\t<a href=\"https:\/\/trtr.ee\/wp-content\/uploads\/2016\/06\/1997_vaade4.jpg\" class=\"lightbox\" data-title=\"\"><\/a>\r\n\t\t\t\t\t<div class=\"boldPhotoBox\"><div class=\"bpbItem\"><div class=\"btImage\"><img src=\"https:\/\/trtr.ee\/wp-content\/uploads\/2016\/06\/1997_vaade4-540x540.jpg\" alt=\"https:\/\/trtr.ee\/wp-content\/uploads\/2016\/06\/1997_vaade4-540x540.jpg\"><\/div><\/div><\/div>\r\n\t\t\t\t\t<div class=\"captionPane btDarkSkin\">\r\n\t\t\t\t\t\t<div class=\"captionTable\">\r\n\t\t\t\t\t\t\t<div class=\"captionCell\">\r\n\t\t\t\t\t\t\t\t<div class=\"captionTxt\"><\/div>\r\n\t\t\t\t\t\t\t<\/div>\r\n\t\t\t\t\t\t<\/div>\r\n\t\t\t\t\t<\/div><\/div><\/div><\/div><div class=\"gridItem btGhostSliderThumb bt11\" data-order-num=\"5\"><div class=\"btTileBox\"><div class=\"bpgPhoto \" > \r\n\t\t\t\t\t<a href=\"https:\/\/trtr.ee\/wp-content\/uploads\/2016\/06\/1997_vaade5.jpg\" class=\"lightbox\" data-title=\"\"><\/a>\r\n\t\t\t\t\t<div class=\"boldPhotoBox\"><div class=\"bpbItem\"><div class=\"btImage\"><img src=\"https:\/\/trtr.ee\/wp-content\/uploads\/2016\/06\/1997_vaade5-540x540.jpg\" alt=\"https:\/\/trtr.ee\/wp-content\/uploads\/2016\/06\/1997_vaade5-540x540.jpg\"><\/div><\/div><\/div>\r\n\t\t\t\t\t<div class=\"captionPane btDarkSkin\">\r\n\t\t\t\t\t\t<div class=\"captionTable\">\r\n\t\t\t\t\t\t\t<div class=\"captionCell\">\r\n\t\t\t\t\t\t\t\t<div class=\"captionTxt\"><\/div>\r\n\t\t\t\t\t\t\t<\/div>\r\n\t\t\t\t\t\t<\/div>\r\n\t\t\t\t\t<\/div><\/div><\/div><\/div><div class=\"gridItem btGhostSliderThumb bt11\" data-order-num=\"6\"><div class=\"btTileBox\"><div class=\"bpgPhoto \" > \r\n\t\t\t\t\t<a href=\"https:\/\/trtr.ee\/wp-content\/uploads\/2016\/06\/1997_vaade6.jpg\" class=\"lightbox\" data-title=\"\"><\/a>\r\n\t\t\t\t\t<div class=\"boldPhotoBox\"><div class=\"bpbItem\"><div class=\"btImage\"><img src=\"https:\/\/trtr.ee\/wp-content\/uploads\/2016\/06\/1997_vaade6-540x540.jpg\" alt=\"https:\/\/trtr.ee\/wp-content\/uploads\/2016\/06\/1997_vaade6-540x540.jpg\"><\/div><\/div><\/div>\r\n\t\t\t\t\t<div class=\"captionPane btDarkSkin\">\r\n\t\t\t\t\t\t<div class=\"captionTable\">\r\n\t\t\t\t\t\t\t<div class=\"captionCell\">\r\n\t\t\t\t\t\t\t\t<div class=\"captionTxt\"><\/div>\r\n\t\t\t\t\t\t\t<\/div>\r\n\t\t\t\t\t\t<\/div>\r\n\t\t\t\t\t<\/div><\/div><\/div><\/div><div class=\"gridItem btGhostSliderThumb bt11\" data-order-num=\"7\"><div class=\"btTileBox\"><div class=\"bpgPhoto \" > \r\n\t\t\t\t\t<a href=\"https:\/\/trtr.ee\/wp-content\/uploads\/2016\/06\/1997_vaade2042.jpg\" class=\"lightbox\" data-title=\"\"><\/a>\r\n\t\t\t\t\t<div class=\"boldPhotoBox\"><div class=\"bpbItem\"><div class=\"btImage\"><img src=\"https:\/\/trtr.ee\/wp-content\/uploads\/2016\/06\/1997_vaade2042-540x540.jpg\" alt=\"https:\/\/trtr.ee\/wp-content\/uploads\/2016\/06\/1997_vaade2042-540x540.jpg\"><\/div><\/div><\/div>\r\n\t\t\t\t\t<div class=\"captionPane btDarkSkin\">\r\n\t\t\t\t\t\t<div class=\"captionTable\">\r\n\t\t\t\t\t\t\t<div class=\"captionCell\">\r\n\t\t\t\t\t\t\t\t<div class=\"captionTxt\"><\/div>\r\n\t\t\t\t\t\t\t<\/div>\r\n\t\t\t\t\t\t<\/div>\r\n\t\t\t\t\t<\/div><\/div><\/div><\/div><div class=\"gridItem btGhostSliderThumb bt11\" data-order-num=\"8\"><div class=\"btTileBox\"><div class=\"bpgPhoto \" > \r\n\t\t\t\t\t<a href=\"https:\/\/trtr.ee\/wp-content\/uploads\/2016\/06\/1997_vaade6050.jpg\" class=\"lightbox\" data-title=\"\"><\/a>\r\n\t\t\t\t\t<div class=\"boldPhotoBox\"><div class=\"bpbItem\"><div class=\"btImage\"><img src=\"https:\/\/trtr.ee\/wp-content\/uploads\/2016\/06\/1997_vaade6050-540x540.jpg\" alt=\"https:\/\/trtr.ee\/wp-content\/uploads\/2016\/06\/1997_vaade6050-540x540.jpg\"><\/div><\/div><\/div>\r\n\t\t\t\t\t<div class=\"captionPane btDarkSkin\">\r\n\t\t\t\t\t\t<div class=\"captionTable\">\r\n\t\t\t\t\t\t\t<div class=\"captionCell\">\r\n\t\t\t\t\t\t\t\t<div class=\"captionTxt\"><\/div>\r\n\t\t\t\t\t\t\t<\/div>\r\n\t\t\t\t\t\t<\/div>\r\n\t\t\t\t\t<\/div><\/div><\/div><\/div><div class=\"gridItem btGhostSliderThumb bt11\" data-order-num=\"9\"><div class=\"btTileBox\"><div class=\"bpgPhoto \" > \r\n\t\t\t\t\t<a href=\"https:\/\/trtr.ee\/wp-content\/uploads\/2016\/06\/1997_vaade11064.jpg\" class=\"lightbox\" data-title=\"\"><\/a>\r\n\t\t\t\t\t<div class=\"boldPhotoBox\"><div class=\"bpbItem\"><div class=\"btImage\"><img src=\"https:\/\/trtr.ee\/wp-content\/uploads\/2016\/06\/1997_vaade11064-540x540.jpg\" alt=\"https:\/\/trtr.ee\/wp-content\/uploads\/2016\/06\/1997_vaade11064-540x540.jpg\"><\/div><\/div><\/div>\r\n\t\t\t\t\t<div class=\"captionPane btDarkSkin\">\r\n\t\t\t\t\t\t<div class=\"captionTable\">\r\n\t\t\t\t\t\t\t<div class=\"captionCell\">\r\n\t\t\t\t\t\t\t\t<div class=\"captionTxt\"><\/div>\r\n\t\t\t\t\t\t\t<\/div>\r\n\t\t\t\t\t\t<\/div>\r\n\t\t\t\t\t<\/div><\/div><\/div><\/div><\/div><div class=\"btClear btSeparator topSmallSpaced noBorder\" ><hr><\/div><div class=\"btText\" ><p>Photos:\u00a0Vera Heinsar<\/p>\n<\/div><\/div><\/div><\/div><\/div><\/div><\/div><\/div><\/section><section id=\"bt_section69d3994573b27\"  class=\"boldSection topSmallSpaced bottomSemiSpaced btDarkSkin gutter inherit\" style=\"background-color:#00786f;\"><div class=\"port\"><div class=\"boldCell\"><div class=\"boldCellInner\"><div class=\"boldRow \" ><div class=\"boldRowInner\"><div class=\"rowItem col-md-6 col-sm-12 btTextLeft\"  data-width=\"6\"><div class=\"rowItemContent\" ><header class=\"header btClear large\" ><div class=\"dash\"><h2><span class=\"headline\">Laureates<\/span><\/h2><\/div><\/header><div class=\"btClear btSeparator bottomSemiSpaced noBorder\" ><hr><\/div><div class=\"btText\" ><p><strong>Grand Prix<\/strong> \u2013 Astrid B\u00e4rndal (DE)<br \/>\nII Prize \u2013\u00a0Signe Kivi (EST)<br \/>\nII Prize \u2013\u00a0Timo Rytk\u00f6nen (FI)<br \/>\nPrize of Tallinn City \u2013\u00a0Kaie Parts (EST)<br \/>\nHonourable mention, Acquisition prize of Applied Art Museum \u2013\u00a0Kaire Rannik (EST)<\/p>\n<\/div><\/div><\/div><div class=\"rowItem col-md-6 col-sm-12 btTextLeft\"  data-width=\"6\"><div class=\"rowItemContent\" ><header class=\"header btClear large\" ><div class=\"dash\"><h2><span class=\"headline\">Jury<\/span><\/h2><\/div><\/header><div class=\"btClear btSeparator bottomSemiSpaced noBorder\" ><hr><\/div><div class=\"btText\" ><p><strong>Nils Jockel<\/strong>, Chairman of the jury, Museum f\u00fcr Kunst und Gewerbe, Hamburg (DE)<br \/>\n<strong>Merike Alber<\/strong>, Applied Art Museum (EST)<br \/>\n<strong>Helena Dahlb\u00e4ck-Lutteman<\/strong>, R\u00f6hss Muuseum (SWE)<br \/>\n<strong>Lolita Jablonskiene<\/strong>, Soros Centre for Contemporary Art (LT)<br \/>\n<strong>Krista Kodres<\/strong>, Estonian Academy of Arts (EST)<\/p>\n<\/div><\/div><\/div><\/div><\/div><\/div><\/div><\/div><\/section><section id=\"bt_section69d3994574586\"  class=\"boldSection topSemiSpaced bottomSemiSpaced gutter inherit\" style=\"background-color:#d9dbda;\"><div class=\"port\"><div class=\"boldCell\"><div class=\"boldCellInner\"><div class=\"boldRow \" ><div class=\"boldRowInner\"><div class=\"rowItem col-md-3 col-sm-6 col-ms-12 btTextLeft\"  data-width=\"3\"><div class=\"rowItemContent\" ><div class=\"bpgPhoto \" ><div class=\"btImage\"><img src=\"https:\/\/trtr.ee\/wp-content\/uploads\/2016\/06\/1997_kataloog.jpg\" alt=\"https:\/\/trtr.ee\/wp-content\/uploads\/2016\/06\/1997_kataloog.jpg\"><\/div><\/div><\/div><\/div><div class=\"rowItem col-md-9 col-ms-12  btTextLeft\"  data-width=\"9\"><div class=\"rowItemContent\" ><header class=\"header btClear medium btDash bottomDash\" ><div class=\"dash\"><h3><span class=\"headline\">Catalogue<\/span><\/h3><\/div><\/header><div class=\"btClear btSeparator bottomSemiSpaced noBorder\" ><hr><\/div><div class=\"btText\" ><p>Compiled by Lea Pruuli<br \/>\nDesigned by J\u00fcri Kass<br \/>\nPublisher:\u00a0NGO\u00a0Tallinn Applied Art Triennial Society<\/p>\n<p>90 pages<br \/>\nTallinn 1997<\/p>\n<p>&nbsp;<\/p>\n<\/div><\/div><\/div><\/div><\/div><\/div><\/div><\/div><\/section><\/div>","protected":false},"excerpt":{"rendered":"","protected":false},"author":3,"featured_media":0,"parent":2200,"menu_order":0,"comment_status":"closed","ping_status":"closed","template":"","meta":{"inline_featured_image":false,"_exactmetrics_skip_tracking":false,"_exactmetrics_sitenote_active":false,"_exactmetrics_sitenote_note":"","_exactmetrics_sitenote_category":0,"footnotes":""},"yoast_head":"<!-- This site is optimized with the Yoast SEO plugin v21.2 - https:\/\/yoast.com\/wordpress\/plugins\/seo\/ -->\n<title>1997 \/ Useless Things &#8211; Tallinna rakenduskunsti triennaal<\/title>\n<meta name=\"robots\" content=\"index, follow, max-snippet:-1, max-image-preview:large, max-video-preview:-1\" \/>\n<link rel=\"canonical\" href=\"https:\/\/trtr.ee\/en\/history\/1997-useless-things\/\" \/>\n<meta property=\"og:locale\" content=\"en_US\" \/>\n<meta property=\"og:type\" content=\"article\" \/>\n<meta property=\"og:title\" content=\"1997 \/ Useless Things &#8211; Tallinna rakenduskunsti triennaal\" \/>\n<meta property=\"og:url\" content=\"https:\/\/trtr.ee\/en\/history\/1997-useless-things\/\" \/>\n<meta property=\"og:site_name\" content=\"Tallinna rakenduskunsti triennaal\" \/>\n<meta property=\"article:publisher\" content=\"https:\/\/www.facebook.com\/TallinnAppliedArtTriennial\" \/>\n<meta property=\"article:modified_time\" content=\"2016-06-16T13:49:21+00:00\" \/>\n<meta property=\"og:image\" content=\"https:\/\/trtr.ee\/wp-content\/uploads\/2024\/10\/TRTR_webbg_1200-x-630px_5.png\" \/>\n\t<meta property=\"og:image:width\" content=\"1200\" \/>\n\t<meta property=\"og:image:height\" content=\"630\" \/>\n\t<meta property=\"og:image:type\" content=\"image\/png\" \/>\n<meta name=\"twitter:card\" content=\"summary_large_image\" \/>\n<meta name=\"twitter:label1\" content=\"Est. reading time\" \/>\n\t<meta name=\"twitter:data1\" content=\"5 minutes\" \/>\n<script type=\"application\/ld+json\" class=\"yoast-schema-graph\">{\"@context\":\"https:\/\/schema.org\",\"@graph\":[{\"@type\":\"WebPage\",\"@id\":\"https:\/\/trtr.ee\/en\/history\/1997-useless-things\/\",\"url\":\"https:\/\/trtr.ee\/en\/history\/1997-useless-things\/\",\"name\":\"1997 \/ Useless Things &#8211; Tallinna rakenduskunsti triennaal\",\"isPartOf\":{\"@id\":\"https:\/\/trtr.ee\/#website\"},\"datePublished\":\"2016-06-14T18:32:08+00:00\",\"dateModified\":\"2016-06-16T13:49:21+00:00\",\"breadcrumb\":{\"@id\":\"https:\/\/trtr.ee\/en\/history\/1997-useless-things\/#breadcrumb\"},\"inLanguage\":\"en-US\",\"potentialAction\":[{\"@type\":\"ReadAction\",\"target\":[\"https:\/\/trtr.ee\/en\/history\/1997-useless-things\/\"]}]},{\"@type\":\"BreadcrumbList\",\"@id\":\"https:\/\/trtr.ee\/en\/history\/1997-useless-things\/#breadcrumb\",\"itemListElement\":[{\"@type\":\"ListItem\",\"position\":1,\"name\":\"Home\",\"item\":\"https:\/\/trtr.ee\/en\/\"},{\"@type\":\"ListItem\",\"position\":2,\"name\":\"HISTORY\",\"item\":\"https:\/\/trtr.ee\/en\/history\/\"},{\"@type\":\"ListItem\",\"position\":3,\"name\":\"1997 \/ Useless Things\"}]},{\"@type\":\"WebSite\",\"@id\":\"https:\/\/trtr.ee\/#website\",\"url\":\"https:\/\/trtr.ee\/\",\"name\":\"Tallinna rakenduskunsti triennaal\",\"description\":\"Tallinna rakenduskunsti triennaal\",\"potentialAction\":[{\"@type\":\"SearchAction\",\"target\":{\"@type\":\"EntryPoint\",\"urlTemplate\":\"https:\/\/trtr.ee\/?s={search_term_string}\"},\"query-input\":\"required name=search_term_string\"}],\"inLanguage\":\"en-US\"}]}<\/script>\n<!-- \/ Yoast SEO plugin. -->","yoast_head_json":{"title":"1997 \/ Useless Things &#8211; Tallinna rakenduskunsti triennaal","robots":{"index":"index","follow":"follow","max-snippet":"max-snippet:-1","max-image-preview":"max-image-preview:large","max-video-preview":"max-video-preview:-1"},"canonical":"https:\/\/trtr.ee\/en\/history\/1997-useless-things\/","og_locale":"en_US","og_type":"article","og_title":"1997 \/ Useless Things &#8211; Tallinna rakenduskunsti triennaal","og_url":"https:\/\/trtr.ee\/en\/history\/1997-useless-things\/","og_site_name":"Tallinna rakenduskunsti triennaal","article_publisher":"https:\/\/www.facebook.com\/TallinnAppliedArtTriennial","article_modified_time":"2016-06-16T13:49:21+00:00","og_image":[{"width":1200,"height":630,"url":"https:\/\/trtr.ee\/wp-content\/uploads\/2024\/10\/TRTR_webbg_1200-x-630px_5.png","type":"image\/png"}],"twitter_card":"summary_large_image","twitter_misc":{"Est. reading time":"5 minutes"},"schema":{"@context":"https:\/\/schema.org","@graph":[{"@type":"WebPage","@id":"https:\/\/trtr.ee\/en\/history\/1997-useless-things\/","url":"https:\/\/trtr.ee\/en\/history\/1997-useless-things\/","name":"1997 \/ Useless Things &#8211; Tallinna rakenduskunsti triennaal","isPartOf":{"@id":"https:\/\/trtr.ee\/#website"},"datePublished":"2016-06-14T18:32:08+00:00","dateModified":"2016-06-16T13:49:21+00:00","breadcrumb":{"@id":"https:\/\/trtr.ee\/en\/history\/1997-useless-things\/#breadcrumb"},"inLanguage":"en-US","potentialAction":[{"@type":"ReadAction","target":["https:\/\/trtr.ee\/en\/history\/1997-useless-things\/"]}]},{"@type":"BreadcrumbList","@id":"https:\/\/trtr.ee\/en\/history\/1997-useless-things\/#breadcrumb","itemListElement":[{"@type":"ListItem","position":1,"name":"Home","item":"https:\/\/trtr.ee\/en\/"},{"@type":"ListItem","position":2,"name":"HISTORY","item":"https:\/\/trtr.ee\/en\/history\/"},{"@type":"ListItem","position":3,"name":"1997 \/ Useless Things"}]},{"@type":"WebSite","@id":"https:\/\/trtr.ee\/#website","url":"https:\/\/trtr.ee\/","name":"Tallinna rakenduskunsti triennaal","description":"Tallinna rakenduskunsti triennaal","potentialAction":[{"@type":"SearchAction","target":{"@type":"EntryPoint","urlTemplate":"https:\/\/trtr.ee\/?s={search_term_string}"},"query-input":"required name=search_term_string"}],"inLanguage":"en-US"}]}},"_links":{"self":[{"href":"https:\/\/trtr.ee\/en\/wp-json\/wp\/v2\/pages\/2203"}],"collection":[{"href":"https:\/\/trtr.ee\/en\/wp-json\/wp\/v2\/pages"}],"about":[{"href":"https:\/\/trtr.ee\/en\/wp-json\/wp\/v2\/types\/page"}],"author":[{"embeddable":true,"href":"https:\/\/trtr.ee\/en\/wp-json\/wp\/v2\/users\/3"}],"replies":[{"embeddable":true,"href":"https:\/\/trtr.ee\/en\/wp-json\/wp\/v2\/comments?post=2203"}],"version-history":[{"count":4,"href":"https:\/\/trtr.ee\/en\/wp-json\/wp\/v2\/pages\/2203\/revisions"}],"predecessor-version":[{"id":2516,"href":"https:\/\/trtr.ee\/en\/wp-json\/wp\/v2\/pages\/2203\/revisions\/2516"}],"up":[{"embeddable":true,"href":"https:\/\/trtr.ee\/en\/wp-json\/wp\/v2\/pages\/2200"}],"wp:attachment":[{"href":"https:\/\/trtr.ee\/en\/wp-json\/wp\/v2\/media?parent=2203"}],"curies":[{"name":"wp","href":"https:\/\/api.w.org\/{rel}","templated":true}]}}