{"id":2200,"date":"2016-06-14T21:29:45","date_gmt":"2016-06-14T18:29:45","guid":{"rendered":"https:\/\/trtr.ee\/?page_id=2200"},"modified":"2024-09-20T20:34:00","modified_gmt":"2024-09-20T17:34:00","slug":"history","status":"publish","type":"page","link":"https:\/\/trtr.ee\/en\/history\/","title":{"rendered":"HISTORY"},"content":{"rendered":"<div class=\"bt_rc_container\"><section id=\"bt_section69d3873ed34aa\"  class=\"boldSection topLargeSpaced btLightSkin btBottomVertical\" ><div class=\"port\"><div class=\"boldCell\"><div class=\"boldCellInner\"><div class=\"boldRow \" ><div class=\"boldRowInner\"><div class=\"rowItem col-md-12 col-ms-12  btTextLeft inherit\"  data-width=\"12\"><div class=\"rowItemContent\" ><div class=\"bpgPhoto \" ><div class=\"btImage\"><img src=\"https:\/\/trtr.ee\/wp-content\/uploads\/2024\/09\/TRTR_webbg_1920x400px_3.png\" alt=\"https:\/\/trtr.ee\/wp-content\/uploads\/2024\/09\/TRTR_webbg_1920x400px_3.png\"><\/div><\/div><\/div><\/div><\/div><\/div><\/div><\/div><\/div><\/section><section id=\"bt_section69d3873ed96b7\"  class=\"boldSection topSemiSpaced btLightSkin gutter btBottomVertical\" ><div class=\"port\"><div class=\"boldCell\"><div class=\"boldCellInner\"><div class=\"boldRow \" ><div class=\"boldRowInner\"><div class=\"rowItem col-md-4 col-ms-12 btTextLeft inherit\"  data-width=\"4\"><div class=\"rowItemContent\" ><header class=\"header btClear large btDash bottomDash\" ><div class=\"dash\"><h2><span class=\"headline\">History<\/span><\/h2><\/div><\/header><\/div><\/div><div class=\"rowItem col-md-8 col-ms-12 btTextLeft inherit\"  data-width=\"8\"><div class=\"rowItemContent\" ><div class=\"btText\" ><\/div><\/div><\/div><\/div><\/div><\/div><\/div><\/div><\/section><section id=\"bt_section69d3873ed9d6e\"  class=\"boldSection topSemiSpaced bottomSpaced btLightSkin gutter btBottomVertical\" ><div class=\"port\"><div class=\"boldCell\"><div class=\"boldCellInner\"><div class=\"boldRow \" ><div class=\"boldRowInner\"><div class=\"rowItem col-md-12 col-ms-12  btTextLeft\"  data-width=\"12\"><div class=\"rowItemContent\" ><div class=\"btTabs tabsVertical\" data-open-first=\"\"  data-open-one=\"\"><ul class=\"tabsHeader\"><li><span>8th Tallinn Applied Art Triennial \/2021 \/ Translucency<\/span><\/li><li><span>7th Tallinn Applied Art Triennial \/2017 \/ Ajavahe. Time Difference<\/span><\/li><li><span>6th Tallinn Applied Art Triennial \/ 2012 \/ The Art of Collecting<\/span><\/li><li><span>5th Tallinn Applied Art Triennial \/ 2009 \/ KNOW HOW<\/span><\/li><li><span>4th Tallinn Applied Art Triennial \/ 2006 \/ Two Close Ones<\/span><\/li><li><span>3rd Tallinn Applied Art Triennial \/ 2003 \/ Bare Boundaries<\/span><\/li><li><span>2nd Tallinn Applied Art Triennial \/ 2000 \/ Possession<\/span><\/li><li><span>1st Tallinn Applied Art Triennial \/ 1997 \/ Useless Things<\/span><\/li><\/ul><div class=\"tabPanes accordionPanes\"><div class=\"tabPane\">\r\n\t\t\t<div class=\"tabAccordionTitle\"><span>8th Tallinn Applied Art Triennial \/2021 \/ Translucency<\/span><\/div>\r\n\t\t\t<div class=\"tabAccordionContent\"><div class=\"btText\" ><p>The 8th Tallinn Applied Art Triennial \u201cTranslucency\u201d took place at Kai Art Center, 29.05\u201315.08.2021. The international contemporary craft exhibition was curated by Danish glass artist and art historian Stine Bidstrup. The exhibition included various fields of applied art and focused on the critical potential of translucency in contemporary craft. The exhibition included around twenty artists, a quarter of them from Estonia. In addition to the main exhibition the triennial\u2019s programme featured a number of satellite events: tours with the curator and exhibition guides as well as other thematic exhibitions. The catalogue covering the Triennal\u2019s main exhibition was published.<\/p>\n<p>Stine Bidstrup: &#8220;The 2021 Tallinn Applied Art Triennial highlights the creative and critical potential of translucency. Depending on the context, translucency can reveal what is hidden or conceal what is seemingly visible. It is neither one nor the other, but can be approached as a metastable state, full of potential energy from which a structured process can arise. It is not dichotomous; it is a chiastic movement through pluralities and nuances of visibility and lack thereof. It is becoming rather than being.&#8221;<\/p>\n<p><strong>Curator:\u00a0<span style=\"font-weight: 400;\">Stine Bidstrup<\/span><br \/>\nOrganisers: <\/strong>Merle Kasonen, Anu Almik, Katre Ratassepp, Keiu Krikmann, Maret Sarapu<\/p>\n<\/div><div class=\"btClear btSeparator topSmallSpaced noBorder\" ><hr><\/div><a href=\"https:\/\/trtr.ee\/en\/history\/2021-translucency\/\" class=\"btBtn btBtn btnFilledStyle btnAccentColor btnSmall btnNormalWidth btnRightPosition btnNoIcon\"  target=\"_blank\"><span class=\"btnInnerText\">READ MORE<\/span><\/a><\/div>\r\n\t\t<\/div><div class=\"tabPane\">\r\n\t\t\t<div class=\"tabAccordionTitle\"><span>7th Tallinn Applied Art Triennial \/2017 \/ Ajavahe. Time Difference<\/span><\/div>\r\n\t\t\t<div class=\"tabAccordionContent\"><div class=\"btText\" ><p>In 2017, the 7th Tallinn Applied Art Triennial\u00a0\u201eAjavahe. Time Difference\u201c invited audiences to reflect on the concept of time.\u00a0While Greek mythology used to depict time as the wise old man with a grey beard known as Chronos, the contemporary personification of him seems to be a younger scatter-brained individual who is rather nervous and constantly rushing about. Both slowness (falling behind) and speed (extreme superficiality) have acquired equally negative connotations. At the same time, the sense of time is subjective. The pace of passing of time is not inevitable \u2013 its tempo and meaning are determined by our own choices and value systems.<\/p>\n<p>At the main exhibition of the 7th Tallinn Applied Art Triennial applied artists and designers were working with different concepts of time through material artifacts. Alongside jewellery, glass, textile, blacksmithing, ceramics and traditional smaller formats, video and large-scale installations were featured as well. The main exhibition, took place in the Estonian Applied Art and Design Museum, displayed 49 works by artists from 19 countries. These works were chosen out of 256 submissions by an international jury. The jury also awarded three prizes to works exhibited at the main exhibition.<\/p>\n<p>In addition to the main exhibition the triennial had a substantial satellite programme, featuring numerous solo and group exhibitions. A seminar discussing mediation in applied art took place and audiences were invited to take part in artist talks and guided tours.\u00a0The catalogue covering the Triennial\u2019s main exhibition and all the other events of the Triennial was published.<\/p>\n<p><strong>Organisers:<\/strong>\u00a0Merle Kasonen, Anu Almik, Katre Ratassepp, Keiu Krikmann, Linda al-Assi, Kertu Tuberg, Maarja Niinem\u00e4gi, Ketli Tiitsar, Kristiina Nurk, Kateriin Rikken, Maret Sarapu, Kadi Pajupuu, Triin Jerlei<\/p>\n<\/div><div class=\"btClear btSeparator topSmallSpaced noBorder\" ><hr><\/div><a href=\"https:\/\/trtr.ee\/en\/history\/2017-ajavahe-time-difference\/\" class=\"btBtn btBtn btnFilledStyle btnAccentColor btnSmall btnNormalWidth btnRightPosition btnNoIcon\"  target=\"_blank\"><span class=\"btnInnerText\">READ MORE<\/span><\/a><\/div>\r\n\t\t<\/div><div class=\"tabPane\">\r\n\t\t\t<div class=\"tabAccordionTitle\"><span>6th Tallinn Applied Art Triennial \/ 2012 \/ The Art of Collecting<\/span><\/div>\r\n\t\t\t<div class=\"tabAccordionContent\"><div class=\"btText\" ><p class=\"p1\"><span class=\"s1\">The theme of the 6th Tallinn Applied Art Triennial \u201cThe Art of Collecting\u201d was developed by Love J\u00f6nsson (Sweden), whose dedication to modern applied art and design, as well as his work as a curator, critic, lecturer and historian on the international scene is remarkable. The decision to invite a curator from outside of Estonia was inspired by the wish to add an international dimension to the event and to broaden the local and general understandings of the possibilities of interpreting applied art and design.<\/span><\/p>\n<p class=\"p1\"><span class=\"s1\">Love J\u00f6nsson: \u201cCollecting is a human activity that does not cease to fascinate. Anything can be an object for collecting, from worn-out everyday utensils to the most desirable works of art. We collect things as a pastime, as a mission in life, or just because we can\u2019t help it. Any kind of collection establishes links between the collected items and constructs borders between what is in the collection and what isn\u2019t. Thus collecting shines a search light \u2013 directly or indirectly \u2013 on the relationship between objects. Needless to say, it also turns our attention towards the relationship between mankind and its objects.\u201d<\/span><\/p>\n<p class=\"p1\"><span class=\"s1\">Geographically unrestricted open competition attracted 515 artists from 43 countries. A jury of five selected 70 artists from among them and later invited five more to participate. In addition to the main exhibition three satellite exhibitions took place \u201c70 Cotton Smocks\u201d, \u201cThe Art of Collecting. The Art of Sharing\u201d and \u201cCorpus Container\u201d, international seminar and artists\u2019 presentations day were held. The catalogue covering the Triennal\u2019s main exhibition and all the other events of the Triennial was published.<\/span><\/p>\n<p class=\"p1\"><strong>Curator:\u00a0<\/strong>Love J\u00f6nsson (SWE)<br \/>\n<strong>Organisers:<\/strong> Ketli Tiitsar, Kristi Paap, Tiina Sarapu, Eeva K\u00e4sper, Kai Lobjakas (EST)<\/p>\n<\/div><div class=\"btClear btSeparator topSmallSpaced noBorder\" ><hr><\/div><a href=\"https:\/\/trtr.ee\/en\/history\/2012-the-art-of-collecting\/\" class=\"btBtn btBtn btnFilledStyle btnAccentColor btnSmall btnNormalWidth btnRightPosition btnNoIcon\"  target=\"_blank\"><span class=\"btnInnerText\">READ MORE<\/span><\/a><\/div>\r\n\t\t<\/div><div class=\"tabPane\">\r\n\t\t\t<div class=\"tabAccordionTitle\"><span>5th Tallinn Applied Art Triennial \/ 2009 \/ KNOW HOW<\/span><\/div>\r\n\t\t\t<div class=\"tabAccordionContent\"><div class=\"btText\" ><p class=\"p1\"><span class=\"s1\">In 2009, the Tallinn Applied Art Triennial took place as an international event for the fifth time. To find a theme and curator for the triennial, the society\u2019s management held an invitational competition; the young designer and artist K\u00e4rt Maran was selected as the winner with a project called \u201cKnow How\u201d. The exhibition poses provocative questions: What is the essence and objective of applied art? Are works born of jealously guarded know-how and artistic egocentrism the only creative path? \u201cKnow How\u201d is an experiment that sets out to prove that good design and applied art are founded on ideas, not on keeping secret the method and skill for executing the design \u2013 in its own way, it is thus a reaffirmation of the social nature of applied art.<\/span><\/p>\n<p class=\"p1\"><span class=\"s1\">This year\u2019s triennial followed the competition exhibition format of years past. Applications were received from 142 artists \u2013 a total of 176 works from 28 countries. A five-member jury selected the works of 38 artists to be displayed at the triennial exhibition. In addition to the main exhibition two satellite exhibitions took place \u201cEstonian Academy of Arts Know How. Isn\u2019t it so simple?\u201d and \u201cPractical Kunst ja kodu\u201d, international seminar and artists\u2019 presentations day were held. The catalogue covering the Triennal\u2019s main exhibition and all the other events of the Triennial was published.<\/span><\/p>\n<p class=\"p1\"><strong>Curator:<\/strong> K\u00e4rt Maran (EST)<br \/>\n<strong>Curatorial team:<\/strong> Ketli Tiitsar, Kai Lobjakas, Ele Praks, Tiina Sarapu, Kristi Paap (EST)<\/p>\n<\/div><div class=\"btClear btSeparator topSmallSpaced noBorder\" ><hr><\/div><a href=\"https:\/\/trtr.ee\/en\/history\/2009-know-how\/\" class=\"btBtn btBtn btnFilledStyle btnAccentColor btnSmall btnNormalWidth btnRightPosition btnNoIcon\"  target=\"_blank\"><span class=\"btnInnerText\">READ MORE<\/span><\/a><\/div>\r\n\t\t<\/div><div class=\"tabPane\">\r\n\t\t\t<div class=\"tabAccordionTitle\"><span>4th Tallinn Applied Art Triennial \/ 2006 \/ Two Close Ones<\/span><\/div>\r\n\t\t\t<div class=\"tabAccordionContent\"><div class=\"btText\" ><p class=\"p1\"><span class=\"s1\">2006 was the fourth time that the Tallinn Applied Art Triennial is an international event. Having developed from the applied art triennials of the Baltic states taking place in Tallinn since 1979, this art event today remains the only art forum in Europe that includes all fields of applied art and design without any geographical limitations. Notable interest in the triennial among the artists even in the three interim years has strengthened the organisers\u2019 confidence in the need for such a series of art events. In 2003, the exhibition bucked the customary format by means of an exhibition based on the selections made by the award-winning artists from the 2000 triennial and a seminar that offered a retrospective and discussed the relationship of applied art and design during the previous triennials in Estonia. This time, the triennial allows a broad-based meditation on the roots of applied art and design, i.e., on the earlier traditions. Displaying a photo of the item that served as the source of inspiration next to the exhibited work will make viewing the exhibitions and leafing through the catalogue truly gripping.<\/span><\/p>\n<p>All in all, there were 332 applications submitted by artists from 27 different countries. The jury of the triennial examined anonymously the entry applications submitted by 291 artists and selected more than 110 works by 92 artists from 15 countries to be displayed in the main exhibition of the triennial. In addition to the main exhibition two satellite exhibitoins took place \u201cBig Science\u201d and \u201cTwo Close Ones, Close To Everyday\u201d, international seminar and artists\u2019 presentations day were held. The catalogue covering the Triennal\u2019s main exhibition and all the other events of the Triennial was published.<\/p>\n<p><strong>Curatorial team:<\/strong>\u00a0Ketli Tiitsar, Merike Alber, Elin Kard, \u00dclle K\u00f5uts, Kai Lobjakas, Lennart M\u00e4nd, Ebe N\u00f5mberg, Aigi Orav, Ele Praks, Tiina Sarapu (EST)<\/p>\n<\/div><div class=\"btClear btSeparator topSmallSpaced noBorder\" ><hr><\/div><a href=\"https:\/\/trtr.ee\/en\/history\/2006-two-close-ones\/\" class=\"btBtn btBtn btnFilledStyle btnAccentColor btnSmall btnNormalWidth btnRightPosition btnNoIcon\"  target=\"_blank\"><span class=\"btnInnerText\">READ MORE<\/span><\/a><\/div>\r\n\t\t<\/div><div class=\"tabPane\">\r\n\t\t\t<div class=\"tabAccordionTitle\"><span>3rd Tallinn Applied Art Triennial \/ 2003 \/ Bare Boundaries<\/span><\/div>\r\n\t\t\t<div class=\"tabAccordionContent\"><div class=\"btText\" ><p class=\"p1\"><span class=\"s1\">Tallinn Applied Art Triennial took place as an international exposition for the third time. Being the disciple of a tradition of Applied Art Triennials of the Baltic States, event of year 2003 could also be considered the 10th triennial exposition already. The exposition bearing the title Bare Boundaries has not been imposed any self-censorship and has left itself opened for a definition by the audience.<\/span><\/p>\n<p class=\"p1\"><span class=\"s1\">Instead of a traditional exposition involving all fields of applied art without any geographical limitations and with an open registration, the Triennial Society decided to compile the exhibition from the works of the award-winners of the previous triennial held 3 years ago and the artists of their choice. The four award-winners Eija Mustonen (jewellery, Finland), Claus Domine Hansen (ceramics, Denmark), Audrius Janu\u0161onis (ceramics, Lithuania), Aigi Orav (ceramics, Estonia) were asked to select to the exposition one representative of the same field and two of a different field in addition to one\u2019s own works. The freedom to choose and to see beside oneself others than familiar artists only intrigued and inspired the winners of triennial. The symbiosis assembled by them turned out an international mixture of ceramics, textile artists, glass artists, jewellery artists, industrial designers and sculptors. All in all, there were participating 18 artists from Estonia, Lithuania, Denmark, Sweden, Finland, and the Netherlands.<\/span><\/p>\n<p class=\"p1\"><span class=\"s1\">The title Bare Boundaries served within this context primarily as a common foundation for a multi-layered discussion about the positions of applied art and design. In order to initiate a wide-based debate on the most crucial issues in the discipline, the participants were asked to answer questions about their self-definition. Their answers were available at the exhibition as well as in the catalogue.<b>\u00a0<\/b>In addition to the main exhibition a seminar and artists\u2019 presentations day were held. The catalogue covering the Triennal\u2019s main exhibition and all the other events of the Triennial was published.<\/span><\/p>\n<p class=\"p1\"><strong>Curator:<\/strong> Ketli Tiitsar (EST)<br \/>\n<strong>Organisers:<\/strong> Ketli Tiitsar, Kai Lobjakas, Merike Alber (EST)<\/p>\n<\/div><div class=\"btClear btSeparator topSmallSpaced noBorder\" ><hr><\/div><a href=\"https:\/\/trtr.ee\/en\/history\/2003-bare-boundaries\/\" class=\"btBtn btBtn btnFilledStyle btnAccentColor btnSmall btnNormalWidth btnRightPosition btnNoIcon\"  target=\"_blank\"><span class=\"btnInnerText\">READ MORE<\/span><\/a><\/div>\r\n\t\t<\/div><div class=\"tabPane\">\r\n\t\t\t<div class=\"tabAccordionTitle\"><span>2nd Tallinn Applied Art Triennial \/ 2000 \/ Possession<\/span><\/div>\r\n\t\t\t<div class=\"tabAccordionContent\"><div class=\"btText\" ><p class=\"p1\"><span class=\"s1\">In 2000, the Tallinn Applied Art Triennial was held in the competition exhibition format. The theme was developed by group F.F.F.F.\u00a0(Kristi Paap, Kaire Rannik, Berit Tee\u00e4\u00e4r, Ketli Tiitsar). The theme was \u201cPossession\u201d which was explained as follows: Even the simplest objects become parts of personal space \u2013 they become possessions. Moods, motivations, notions become reality; they materialize in a way they live in makers mind. Meetings create obsessions; a need to possess objects long yearned for. Obtaining such objects provides the owner emotional satisfaction, it gives an environment that is replete \u2013 embryonic.<\/span><\/p>\n<p class=\"p1\"><span class=\"s1\">The triennial received applications of 257 artists from 25 countries. The international jury selected 74 participants, all together from 19 different countries. The catalogue covering the Triennial\u2019s exhibition was published.<\/span><\/p>\n<p class=\"p1\"><strong>Curator:<\/strong>\u00a0group F.F.F.F.\u00a0(Kristi Paap, Kaire Rannik, Berit Tee\u00e4\u00e4r, Ketli Tiitsar)\u00a0(EST)<br \/>\n<strong>Organisers:<\/strong>\u00a0Tallinn Applied Art Triennial Society (Lea Pruuli, Merike Alber) \/ F.F.F.F.\u00a0(Kristi Paap, Kaire Rannik, Berit Tee\u00e4\u00e4r, Ketli Tiitsar) (EST)<\/p>\n<\/div><div class=\"btClear btSeparator topSmallSpaced noBorder\" ><hr><\/div><a href=\"https:\/\/trtr.ee\/en\/history\/2000-possession\/\" class=\"btBtn btBtn btnFilledStyle btnAccentColor btnSmall btnNormalWidth btnRightPosition btnNoIcon\"  target=\"_blank\"><span class=\"btnInnerText\">READ MORE<\/span><\/a><\/div>\r\n\t\t<\/div><div class=\"tabPane\">\r\n\t\t\t<div class=\"tabAccordionTitle\"><span>1st Tallinn Applied Art Triennial \/ 1997 \/ Useless Things<\/span><\/div>\r\n\t\t\t<div class=\"tabAccordionContent\"><div class=\"btText\" ><p class=\"p1\"><span class=\"s1\">First Tallinn Applied Art Triennial took place in 1997. The theme of the exhibition was \u201cUseless Things\u201d, it concentrated on the phenomenon of interfusion of aesthetic and conceptual pursuits in contemporary applied art, a process that has made the relations between traditional notions and concepts indistinct and meaningless. From among 304 applicants form 26 countries, the international jury chose 79 artists of 16 different nationalities. The triennial was accompanied by a catalogue.<\/span><\/p>\n<p class=\"p1\"><strong>Curator:<\/strong> Lea Pruuli (EST)<br \/>\n<strong>Organisers:\u00a0<\/strong><span class=\"s1\">Lea Pruuli, Merike Alber, Katrin Pere (EST)<\/span><\/p>\n<\/div><div class=\"btClear btSeparator topSmallSpaced noBorder\" ><hr><\/div><a href=\"https:\/\/trtr.ee\/en\/history\/1997-useless-things\/\" class=\"btBtn btBtn btnFilledStyle btnAccentColor btnSmall btnNormalWidth btnRightPosition btnNoIcon\"  target=\"_blank\"><span class=\"btnInnerText\">READ MORE<\/span><\/a><\/div>\r\n\t\t<\/div><\/div><\/div><\/div><\/div><\/div><\/div><\/div><\/div><\/div><\/section><\/div>","protected":false},"excerpt":{"rendered":"","protected":false},"author":3,"featured_media":0,"parent":0,"menu_order":2,"comment_status":"closed","ping_status":"closed","template":"","meta":{"inline_featured_image":false,"_exactmetrics_skip_tracking":false,"_exactmetrics_sitenote_active":false,"_exactmetrics_sitenote_note":"","_exactmetrics_sitenote_category":0,"footnotes":""},"yoast_head":"<!-- This site is optimized with the Yoast SEO plugin v21.2 - https:\/\/yoast.com\/wordpress\/plugins\/seo\/ -->\n<title>HISTORY &#8211; Tallinna rakenduskunsti triennaal<\/title>\n<meta name=\"robots\" content=\"index, follow, max-snippet:-1, max-image-preview:large, max-video-preview:-1\" \/>\n<link rel=\"canonical\" href=\"https:\/\/trtr.ee\/en\/history\/\" \/>\n<meta property=\"og:locale\" content=\"en_US\" \/>\n<meta property=\"og:type\" content=\"article\" \/>\n<meta property=\"og:title\" content=\"HISTORY &#8211; Tallinna rakenduskunsti triennaal\" \/>\n<meta property=\"og:url\" content=\"https:\/\/trtr.ee\/en\/history\/\" \/>\n<meta property=\"og:site_name\" content=\"Tallinna rakenduskunsti triennaal\" \/>\n<meta property=\"article:publisher\" content=\"https:\/\/www.facebook.com\/TallinnAppliedArtTriennial\" \/>\n<meta property=\"article:modified_time\" content=\"2024-09-20T17:34:00+00:00\" \/>\n<meta property=\"og:image\" content=\"https:\/\/trtr.ee\/wp-content\/uploads\/2024\/10\/TRTR_webbg_1200-x-630px_5.png\" \/>\n\t<meta property=\"og:image:width\" content=\"1200\" \/>\n\t<meta property=\"og:image:height\" content=\"630\" \/>\n\t<meta property=\"og:image:type\" content=\"image\/png\" \/>\n<meta name=\"twitter:card\" content=\"summary_large_image\" \/>\n<meta name=\"twitter:label1\" content=\"Est. reading time\" \/>\n\t<meta name=\"twitter:data1\" content=\"13 minutes\" \/>\n<script type=\"application\/ld+json\" class=\"yoast-schema-graph\">{\"@context\":\"https:\/\/schema.org\",\"@graph\":[{\"@type\":\"WebPage\",\"@id\":\"https:\/\/trtr.ee\/en\/history\/\",\"url\":\"https:\/\/trtr.ee\/en\/history\/\",\"name\":\"HISTORY &#8211; Tallinna rakenduskunsti triennaal\",\"isPartOf\":{\"@id\":\"https:\/\/trtr.ee\/#website\"},\"datePublished\":\"2016-06-14T18:29:45+00:00\",\"dateModified\":\"2024-09-20T17:34:00+00:00\",\"breadcrumb\":{\"@id\":\"https:\/\/trtr.ee\/en\/history\/#breadcrumb\"},\"inLanguage\":\"en-US\",\"potentialAction\":[{\"@type\":\"ReadAction\",\"target\":[\"https:\/\/trtr.ee\/en\/history\/\"]}]},{\"@type\":\"BreadcrumbList\",\"@id\":\"https:\/\/trtr.ee\/en\/history\/#breadcrumb\",\"itemListElement\":[{\"@type\":\"ListItem\",\"position\":1,\"name\":\"Home\",\"item\":\"https:\/\/trtr.ee\/en\/\"},{\"@type\":\"ListItem\",\"position\":2,\"name\":\"HISTORY\"}]},{\"@type\":\"WebSite\",\"@id\":\"https:\/\/trtr.ee\/#website\",\"url\":\"https:\/\/trtr.ee\/\",\"name\":\"Tallinna rakenduskunsti triennaal\",\"description\":\"Tallinna rakenduskunsti triennaal\",\"potentialAction\":[{\"@type\":\"SearchAction\",\"target\":{\"@type\":\"EntryPoint\",\"urlTemplate\":\"https:\/\/trtr.ee\/?s={search_term_string}\"},\"query-input\":\"required name=search_term_string\"}],\"inLanguage\":\"en-US\"}]}<\/script>\n<!-- \/ Yoast SEO plugin. -->","yoast_head_json":{"title":"HISTORY &#8211; Tallinna rakenduskunsti triennaal","robots":{"index":"index","follow":"follow","max-snippet":"max-snippet:-1","max-image-preview":"max-image-preview:large","max-video-preview":"max-video-preview:-1"},"canonical":"https:\/\/trtr.ee\/en\/history\/","og_locale":"en_US","og_type":"article","og_title":"HISTORY &#8211; Tallinna rakenduskunsti triennaal","og_url":"https:\/\/trtr.ee\/en\/history\/","og_site_name":"Tallinna rakenduskunsti triennaal","article_publisher":"https:\/\/www.facebook.com\/TallinnAppliedArtTriennial","article_modified_time":"2024-09-20T17:34:00+00:00","og_image":[{"width":1200,"height":630,"url":"https:\/\/trtr.ee\/wp-content\/uploads\/2024\/10\/TRTR_webbg_1200-x-630px_5.png","type":"image\/png"}],"twitter_card":"summary_large_image","twitter_misc":{"Est. reading time":"13 minutes"},"schema":{"@context":"https:\/\/schema.org","@graph":[{"@type":"WebPage","@id":"https:\/\/trtr.ee\/en\/history\/","url":"https:\/\/trtr.ee\/en\/history\/","name":"HISTORY &#8211; Tallinna rakenduskunsti triennaal","isPartOf":{"@id":"https:\/\/trtr.ee\/#website"},"datePublished":"2016-06-14T18:29:45+00:00","dateModified":"2024-09-20T17:34:00+00:00","breadcrumb":{"@id":"https:\/\/trtr.ee\/en\/history\/#breadcrumb"},"inLanguage":"en-US","potentialAction":[{"@type":"ReadAction","target":["https:\/\/trtr.ee\/en\/history\/"]}]},{"@type":"BreadcrumbList","@id":"https:\/\/trtr.ee\/en\/history\/#breadcrumb","itemListElement":[{"@type":"ListItem","position":1,"name":"Home","item":"https:\/\/trtr.ee\/en\/"},{"@type":"ListItem","position":2,"name":"HISTORY"}]},{"@type":"WebSite","@id":"https:\/\/trtr.ee\/#website","url":"https:\/\/trtr.ee\/","name":"Tallinna rakenduskunsti triennaal","description":"Tallinna rakenduskunsti triennaal","potentialAction":[{"@type":"SearchAction","target":{"@type":"EntryPoint","urlTemplate":"https:\/\/trtr.ee\/?s={search_term_string}"},"query-input":"required name=search_term_string"}],"inLanguage":"en-US"}]}},"_links":{"self":[{"href":"https:\/\/trtr.ee\/en\/wp-json\/wp\/v2\/pages\/2200"}],"collection":[{"href":"https:\/\/trtr.ee\/en\/wp-json\/wp\/v2\/pages"}],"about":[{"href":"https:\/\/trtr.ee\/en\/wp-json\/wp\/v2\/types\/page"}],"author":[{"embeddable":true,"href":"https:\/\/trtr.ee\/en\/wp-json\/wp\/v2\/users\/3"}],"replies":[{"embeddable":true,"href":"https:\/\/trtr.ee\/en\/wp-json\/wp\/v2\/comments?post=2200"}],"version-history":[{"count":36,"href":"https:\/\/trtr.ee\/en\/wp-json\/wp\/v2\/pages\/2200\/revisions"}],"predecessor-version":[{"id":7312,"href":"https:\/\/trtr.ee\/en\/wp-json\/wp\/v2\/pages\/2200\/revisions\/7312"}],"wp:attachment":[{"href":"https:\/\/trtr.ee\/en\/wp-json\/wp\/v2\/media?parent=2200"}],"curies":[{"name":"wp","href":"https:\/\/api.w.org\/{rel}","templated":true}]}}